{"id":50295,"date":"2025-10-30T12:17:55","date_gmt":"2025-10-30T10:17:55","guid":{"rendered":"https:\/\/www.avatex.ro\/shop\/?post_type=product&#038;p=50295"},"modified":"2026-03-16T14:30:31","modified_gmt":"2026-03-16T12:30:31","slug":"prosop-de-plaja-650gr-mp-beige","status":"publish","type":"product","link":"https:\/\/www.avatex.ro\/shop\/produs\/prosop-de-plaja-650gr-mp-beige\/","title":{"rendered":"Prosop de Plaj\u0103\/SPA PREMIUM 650gr\/mp &#8211; Beige"},"content":{"rendered":"","protected":false},"excerpt":{"rendered":"<p>Acest prosop de plaj\u0103 ofer\u0103 un spa\u021biu generos, perfect pentru a te sim\u021bi complet \u00eenvelit sau pentru a acoperi confortabil \u0219ezlongul \u00een timp ce te relaxezi dup\u0103 o baie r\u0103coritoare. Cu dimensiuni de 90&#215;180 cm \u0219i o greutate de 650 g\/mp, prosopul este confec\u021bionat din materiale de calitate superioar\u0103, ce asigur\u0103 o absorb\u021bie rapid\u0103 \u0219i o senza\u021bie de moale \u0219i delicat pe piele.<br \/>\nCuloarea sa elegant\u0103, beige, \u00eel face u\u0219or de asortat cu orice \u021binut\u0103 de plaj\u0103, fiind alegerea ideal\u0103 pentru momentele de relaxare la soare.<\/p>\n","protected":false},"featured_media":50297,"comment_status":"open","ping_status":"closed","template":"","meta":[],"product_brand":[],"product_cat":[81,122,59,92],"product_tag":[86],"class_list":{"0":"post-50295","1":"product","2":"type-product","3":"status-publish","4":"has-post-thumbnail","6":"product_cat-produse-high-luxury-embroidery","7":"product_cat-prosoape-colorate","8":"product_cat-prosoape-de-baie","9":"product_cat-embroidery-prosoape","10":"product_tag-prosoape-color","11":"product_shipping_class-prosoape","13":"first","14":"instock","15":"sale","16":"taxable","17":"shipping-taxable","18":"purchasable","19":"product-type-simple"},"_links":{"self":[{"href":"https:\/\/www.avatex.ro\/shop\/wp-json\/wp\/v2\/product\/50295"}],"collection":[{"href":"https:\/\/www.avatex.ro\/shop\/wp-json\/wp\/v2\/product"}],"about":[{"href":"https:\/\/www.avatex.ro\/shop\/wp-json\/wp\/v2\/types\/product"}],"replies":[{"embeddable":true,"href":"https:\/\/www.avatex.ro\/shop\/wp-json\/wp\/v2\/comments?post=50295"}],"wp:featuredmedia":[{"embeddable":true,"href":"https:\/\/www.avatex.ro\/shop\/wp-json\/wp\/v2\/media\/50297"}],"wp:attachment":[{"href":"https:\/\/www.avatex.ro\/shop\/wp-json\/wp\/v2\/media?parent=50295"}],"wp:term":[{"taxonomy":"product_brand","embeddable":true,"href":"https:\/\/www.avatex.ro\/shop\/wp-json\/wp\/v2\/product_brand?post=50295"},{"taxonomy":"product_cat","embeddable":true,"href":"https:\/\/www.avatex.ro\/shop\/wp-json\/wp\/v2\/product_cat?post=50295"},{"taxonomy":"product_tag","embeddable":true,"href":"https:\/\/www.avatex.ro\/shop\/wp-json\/wp\/v2\/product_tag?post=50295"}],"curies":[{"name":"wp","href":"https:\/\/api.w.org\/{rel}","templated":true}]}}