{"id":46027,"date":"2025-01-20T12:57:46","date_gmt":"2025-01-20T10:57:46","guid":{"rendered":"https:\/\/www.avatex.ro\/shop\/?post_type=product&#038;p=46027"},"modified":"2025-10-20T12:12:19","modified_gmt":"2025-10-20T09:12:19","slug":"set-4-prosoape-de-fata-30x50cm-650gr-mp-extra-soft-touch-albe","status":"publish","type":"product","link":"https:\/\/www.avatex.ro\/shop\/produs\/set-4-prosoape-de-fata-30x50cm-650gr-mp-extra-soft-touch-albe\/","title":{"rendered":"Set 4 Prosoape de fa\u021b\u0103 30x50cm, 650gr\/mp  Extra SOFT Touch &#8211; Albe"},"content":{"rendered":"<p>Setul de 4 prosoape cu destina\u021bie hotelier\u0103, dimensiunea 30&#215;50 cm, este ideal pentru utilizarea zilnic\u0103 \u00een baia ta. Confec\u021bionate din 100% bumbac cu o greutate de 650 gr\/mp, aceste prosoape sunt moi, absorbante \u0219i rezistente la sp\u0103l\u0103ri frecvente.<\/p>\n<p>Dimensiunea compact\u0103 permite o sp\u0103lare rapid\u0103 \u0219i eficient\u0103, f\u0103r\u0103 a murd\u0103ri sau \u00eencurca alte prosoape mai mari, economisind timp \u0219i resurse. Designul cu bordur\u0103 Greek pe margini adaug\u0103 o not\u0103 elegant\u0103, perfect\u0103 pentru hoteluri \u0219i pensiuni de top.<\/p>\n<p>Descriere produse:<\/p>\n<p>100% bumbac, culoare alb<br \/>\ngreutate 650 gr\/mp \u00b15%<br \/>\ntemperatura de sp\u0103lare la 90 grade<br \/>\nfir dublu 20\/2<br \/>\nDimensiunile: 30 x 50 cm<\/p>\n<p>Instruc\u021biuni de folosire:<\/p>\n<p>Temperatura maxim\u0103 de sp\u0103lare 90\u00b0C<\/p>\n","protected":false},"excerpt":{"rendered":"<p>Imagineaz\u0103-\u021bi c\u0103 intri \u00een baia unui hotel sau pensiune premium \u0219i g\u0103se\u0219ti un set de prosoape perfect aliniate cu standardele ospitalit\u0103\u021bii de lux. Prosoapele de fa\u021b\u0103 de dimensiunea 30&#215;50 cm sunt ideale pentru a completa orice baie elegant\u0103, aduc\u00e2nd un aer rafinat \u0219i practic.<br \/>\nDimensiunea compact\u0103 permite o sp\u0103lare rapid\u0103 \u0219i eficient\u0103, f\u0103r\u0103 a murd\u0103ri sau \u00eencurca alte prosoape mai mari, economisind timp \u0219i resurse.<\/p>\n","protected":false},"featured_media":49610,"comment_status":"open","ping_status":"closed","template":"","meta":[],"product_brand":[],"product_cat":[121,59],"product_tag":[],"class_list":{"0":"post-46027","1":"product","2":"type-product","3":"status-publish","4":"has-post-thumbnail","6":"product_cat-prosoape-albe","7":"product_cat-prosoape-de-baie","8":"product_shipping_class-prosoape","10":"first","11":"instock","12":"sale","13":"taxable","14":"shipping-taxable","15":"purchasable","16":"product-type-simple"},"_links":{"self":[{"href":"https:\/\/www.avatex.ro\/shop\/wp-json\/wp\/v2\/product\/46027"}],"collection":[{"href":"https:\/\/www.avatex.ro\/shop\/wp-json\/wp\/v2\/product"}],"about":[{"href":"https:\/\/www.avatex.ro\/shop\/wp-json\/wp\/v2\/types\/product"}],"replies":[{"embeddable":true,"href":"https:\/\/www.avatex.ro\/shop\/wp-json\/wp\/v2\/comments?post=46027"}],"wp:featuredmedia":[{"embeddable":true,"href":"https:\/\/www.avatex.ro\/shop\/wp-json\/wp\/v2\/media\/49610"}],"wp:attachment":[{"href":"https:\/\/www.avatex.ro\/shop\/wp-json\/wp\/v2\/media?parent=46027"}],"wp:term":[{"taxonomy":"product_brand","embeddable":true,"href":"https:\/\/www.avatex.ro\/shop\/wp-json\/wp\/v2\/product_brand?post=46027"},{"taxonomy":"product_cat","embeddable":true,"href":"https:\/\/www.avatex.ro\/shop\/wp-json\/wp\/v2\/product_cat?post=46027"},{"taxonomy":"product_tag","embeddable":true,"href":"https:\/\/www.avatex.ro\/shop\/wp-json\/wp\/v2\/product_tag?post=46027"}],"curies":[{"name":"wp","href":"https:\/\/api.w.org\/{rel}","templated":true}]}}