{"id":44175,"date":"2024-09-15T14:06:05","date_gmt":"2024-09-15T11:06:05","guid":{"rendered":"https:\/\/www.avatex.ro\/shop\/?post_type=product&#038;p=44175"},"modified":"2025-09-12T22:46:05","modified_gmt":"2025-09-12T19:46:05","slug":"patura-100-lana-merino-milano-beige-white","status":"publish","type":"product","link":"https:\/\/www.avatex.ro\/shop\/produs\/patura-100-lana-merino-milano-beige-white\/","title":{"rendered":"P\u0103tur\u0103 100% l\u00e2n\u0103 MERINO &#8211; Milano Beige White"},"content":{"rendered":"","protected":false},"excerpt":{"rendered":"<div class=\"description-wrp\">\n<div class=\"description-inner-wrp\">\n<p>Aceasta este o p\u0103tur\u0103 de \u00eenalt\u0103 calitate din colec\u021bia noastr\u0103 de lux &#8222;Milano&#8221;.<\/p>\n<p>Lejere, moi \u0219i totodat\u0103 c\u0103lduroase, p\u0103turile &#8222;Milano&#8221; sunt ideale ca element decorativ at\u00e2t pe o canapea clasic\u0103 sau modern\u0103, c\u00e2t \u0219i pe pat. Aceste p\u0103turi adaug\u0103 un plus de elegan\u021b\u0103 \u00een casa ta \u0219i pot fi, de asemenea, un cadou deosebit, nu doar pentru tine, ci \u0219i pentru cei dragi.<\/p>\n<\/div>\n<\/div>\n","protected":false},"featured_media":44176,"comment_status":"open","ping_status":"closed","template":"","meta":[],"product_brand":[],"product_cat":[129],"product_tag":[135,133,132,130,131],"class_list":{"0":"post-44175","1":"product","2":"type-product","3":"status-publish","4":"has-post-thumbnail","6":"product_cat-paturi-lana-merino","7":"product_tag-merino-300","8":"product_tag-patura-lana-merinos","9":"product_tag-paturi-lana","10":"product_tag-paturi-merino","11":"product_tag-paturi-merinos","12":"product_shipping_class-pilota","14":"first","15":"outofstock","16":"sale","17":"taxable","18":"shipping-taxable","19":"purchasable","20":"product-type-simple"},"_links":{"self":[{"href":"https:\/\/www.avatex.ro\/shop\/wp-json\/wp\/v2\/product\/44175"}],"collection":[{"href":"https:\/\/www.avatex.ro\/shop\/wp-json\/wp\/v2\/product"}],"about":[{"href":"https:\/\/www.avatex.ro\/shop\/wp-json\/wp\/v2\/types\/product"}],"replies":[{"embeddable":true,"href":"https:\/\/www.avatex.ro\/shop\/wp-json\/wp\/v2\/comments?post=44175"}],"wp:featuredmedia":[{"embeddable":true,"href":"https:\/\/www.avatex.ro\/shop\/wp-json\/wp\/v2\/media\/44176"}],"wp:attachment":[{"href":"https:\/\/www.avatex.ro\/shop\/wp-json\/wp\/v2\/media?parent=44175"}],"wp:term":[{"taxonomy":"product_brand","embeddable":true,"href":"https:\/\/www.avatex.ro\/shop\/wp-json\/wp\/v2\/product_brand?post=44175"},{"taxonomy":"product_cat","embeddable":true,"href":"https:\/\/www.avatex.ro\/shop\/wp-json\/wp\/v2\/product_cat?post=44175"},{"taxonomy":"product_tag","embeddable":true,"href":"https:\/\/www.avatex.ro\/shop\/wp-json\/wp\/v2\/product_tag?post=44175"}],"curies":[{"name":"wp","href":"https:\/\/api.w.org\/{rel}","templated":true}]}}