{"id":41891,"date":"2024-04-20T09:59:10","date_gmt":"2024-04-20T06:59:10","guid":{"rendered":"https:\/\/www.avatex.ro\/shop\/?post_type=product&#038;p=41891"},"modified":"2026-01-14T08:01:53","modified_gmt":"2026-01-14T06:01:53","slug":"patura-90-lana-merino-si-10-casmir-faro-light-gray","status":"publish","type":"product","link":"https:\/\/www.avatex.ro\/shop\/produs\/patura-90-lana-merino-si-10-casmir-faro-light-gray\/","title":{"rendered":"P\u0103tur\u0103 90% l\u00e2n\u0103 merino \u0219i 10% ca\u0219mir &#8211; Faro Lux Light Gray"},"content":{"rendered":"","protected":false},"excerpt":{"rendered":"<div class=\"description-wrp\">\n<div class=\"description-inner-wrp\">\n<p>Aceast\u0103 p\u0103tur\u0103 de \u00eenalt\u0103 calitate face parte din colec\u021bia noastr\u0103 de lux &#8222;Faro&#8221;. Este o p\u0103tur\u0103 foarte practic\u0103 \u0219i neutr\u0103, potrivindu-se cu orice tip de interior. Materialul este extrem de moale, pl\u0103cut la atingere, aerisit \u0219i delicat la textur\u0103, datorit\u0103 combina\u021biei de l\u00e2n\u0103 merino de \u00eenalt\u0103 calitate (90%) cu ca\u0219mir (10%).<\/p>\n<p>\u00cen plus, l\u00e2na merino nu irit\u0103 nici m\u0103car pielea cea mai sensibil\u0103, nu provoac\u0103 alergii \u0219i este potrivit\u0103 chiar \u0219i pentru pielea predispus\u0103 la alergii. De asemenea, vei fi fascinat de u\u0219urin\u021ba p\u0103turii &#8211; nu va \u00eengr\u0103di deloc mi\u0219c\u0103rile \u0219i atunci c\u00e2nd te vei acoperi cu ea nu vei sim\u021bi greutatea p\u0103turii, ci doar un material pufos \u0219i o moliciune de nedescris.<\/p>\n<p>De\u0219i p\u0103tura nu este groas\u0103, re\u021bine c\u0103ldura excelent si cea mai bun\u0103 parte este c\u0103 nu va permite supra\u00eenc\u0103lzirea, deoarece l\u00e2na merinos este respirabil\u0103, astfel \u00eenc\u00e2t pielea va putea respira liber. Este potrivit\u0103 pentru orice anotimp.<\/p>\n<div class=\"filters-wrp tab-wrp\">Dimensiunea cu franjuri inclusiv: 140x200cm, greutate 245gr\/mp<\/div>\n<div>Culoare: gri deschis<\/div>\n<\/div>\n<\/div>\n","protected":false},"featured_media":41892,"comment_status":"open","ping_status":"closed","template":"","meta":[],"product_brand":[],"product_cat":[129],"product_tag":[138,133,132,130,131],"class_list":{"0":"post-41891","1":"product","2":"type-product","3":"status-publish","4":"has-post-thumbnail","6":"product_cat-paturi-lana-merino","7":"product_tag-merino-si-casmir","8":"product_tag-patura-lana-merinos","9":"product_tag-paturi-lana","10":"product_tag-paturi-merino","11":"product_tag-paturi-merinos","12":"product_shipping_class-pilota","14":"first","15":"instock","16":"sale","17":"taxable","18":"shipping-taxable","19":"purchasable","20":"product-type-simple"},"_links":{"self":[{"href":"https:\/\/www.avatex.ro\/shop\/wp-json\/wp\/v2\/product\/41891"}],"collection":[{"href":"https:\/\/www.avatex.ro\/shop\/wp-json\/wp\/v2\/product"}],"about":[{"href":"https:\/\/www.avatex.ro\/shop\/wp-json\/wp\/v2\/types\/product"}],"replies":[{"embeddable":true,"href":"https:\/\/www.avatex.ro\/shop\/wp-json\/wp\/v2\/comments?post=41891"}],"wp:featuredmedia":[{"embeddable":true,"href":"https:\/\/www.avatex.ro\/shop\/wp-json\/wp\/v2\/media\/41892"}],"wp:attachment":[{"href":"https:\/\/www.avatex.ro\/shop\/wp-json\/wp\/v2\/media?parent=41891"}],"wp:term":[{"taxonomy":"product_brand","embeddable":true,"href":"https:\/\/www.avatex.ro\/shop\/wp-json\/wp\/v2\/product_brand?post=41891"},{"taxonomy":"product_cat","embeddable":true,"href":"https:\/\/www.avatex.ro\/shop\/wp-json\/wp\/v2\/product_cat?post=41891"},{"taxonomy":"product_tag","embeddable":true,"href":"https:\/\/www.avatex.ro\/shop\/wp-json\/wp\/v2\/product_tag?post=41891"}],"curies":[{"name":"wp","href":"https:\/\/api.w.org\/{rel}","templated":true}]}}