{"id":41887,"date":"2024-04-20T09:45:28","date_gmt":"2024-04-20T06:45:28","guid":{"rendered":"https:\/\/www.avatex.ro\/shop\/?post_type=product&#038;p=41887"},"modified":"2026-03-17T17:26:10","modified_gmt":"2026-03-17T15:26:10","slug":"patura-lana-virgina-tirol-light-mustard","status":"publish","type":"product","link":"https:\/\/www.avatex.ro\/shop\/produs\/patura-lana-virgina-tirol-light-mustard\/","title":{"rendered":"P\u0103tur\u0103 l\u00e2n\u0103 VIRGIN\u0102 &#8211; Tirol Light Mustard"},"content":{"rendered":"","protected":false},"excerpt":{"rendered":"<div class=\"description-wrp\">\n<div class=\"description-inner-wrp\">\n<p>Buc\u0103ra-te de confortul unei p\u0103turi autentice, confec\u021bionat\u0103 din 100% l\u00e2n\u0103 virgin\u0103, o l\u00e2n\u0103 pur\u0103 recunoscut\u0103 pentru calit\u0103\u021bile sale superioare. Cu un finisaj frumos franjurat \u0219i o textur\u0103 u\u0219or aspr\u0103, specific\u0103 l\u00e2nii virgine, aceast\u0103 p\u0103tur\u0103 nu este doar un accesoriu elegant, ci \u0219i extrem de func\u021bional.<\/p>\n<p><strong>Dimensiuni generoase pentru confortul t\u0103u maxim:<\/strong> 140 x 200 cm, m\u0103sur\u0103torile incluz\u00e2nd \u0219i franjurii de 7-10 cm, ideali pentru a ad\u0103uga un plus de stil.<\/p>\n<p>P\u0103tura asigur\u00e2ndu-\u021bi confort optim \u00een zilele friguroase, f\u0103r\u0103 a te suprainc\u0103lzi c\u00e2nd temperaturile cresc. Structura sa permite aerului s\u0103 circule eficient, absorb\u00e2nd umiditatea excesiv\u0103 \u0219i transport\u00e2nd-o spre exterior.<\/p>\n<p>Cu \u00eengrijire adecvat\u0103, aceast\u0103 p\u0103tur\u0103 \u00ee\u0219i p\u0103streaz\u0103 propriet\u0103\u021bile remarcabile pentru mult timp, fiind un companion de n\u0103dejde \u00een orice sezon.<\/p>\n<p><strong>Investe\u0219te \u00een calitate \u0219i stil &#8211; alege aceast\u0103 p\u0103tur\u0103 din l\u00e2n\u0103 virgin\u0103 \u0219i bucur\u0103-te de confortul suprem, zi de zi!<\/strong><\/p>\n<\/div>\n<\/div>\n","protected":false},"featured_media":41888,"comment_status":"open","ping_status":"closed","template":"","meta":[],"product_brand":[],"product_cat":[129],"product_tag":[137,135,133,132,130,131],"class_list":{"0":"post-41887","1":"product","2":"type-product","3":"status-publish","4":"has-post-thumbnail","6":"product_cat-paturi-lana-merino","7":"product_tag-lana-virgina","8":"product_tag-merino-300","9":"product_tag-patura-lana-merinos","10":"product_tag-paturi-lana","11":"product_tag-paturi-merino","12":"product_tag-paturi-merinos","13":"product_shipping_class-pilota","15":"first","16":"outofstock","17":"sale","18":"taxable","19":"shipping-taxable","20":"purchasable","21":"product-type-simple"},"_links":{"self":[{"href":"https:\/\/www.avatex.ro\/shop\/wp-json\/wp\/v2\/product\/41887"}],"collection":[{"href":"https:\/\/www.avatex.ro\/shop\/wp-json\/wp\/v2\/product"}],"about":[{"href":"https:\/\/www.avatex.ro\/shop\/wp-json\/wp\/v2\/types\/product"}],"replies":[{"embeddable":true,"href":"https:\/\/www.avatex.ro\/shop\/wp-json\/wp\/v2\/comments?post=41887"}],"wp:featuredmedia":[{"embeddable":true,"href":"https:\/\/www.avatex.ro\/shop\/wp-json\/wp\/v2\/media\/41888"}],"wp:attachment":[{"href":"https:\/\/www.avatex.ro\/shop\/wp-json\/wp\/v2\/media?parent=41887"}],"wp:term":[{"taxonomy":"product_brand","embeddable":true,"href":"https:\/\/www.avatex.ro\/shop\/wp-json\/wp\/v2\/product_brand?post=41887"},{"taxonomy":"product_cat","embeddable":true,"href":"https:\/\/www.avatex.ro\/shop\/wp-json\/wp\/v2\/product_cat?post=41887"},{"taxonomy":"product_tag","embeddable":true,"href":"https:\/\/www.avatex.ro\/shop\/wp-json\/wp\/v2\/product_tag?post=41887"}],"curies":[{"name":"wp","href":"https:\/\/api.w.org\/{rel}","templated":true}]}}