{"id":40886,"date":"2024-02-17T19:10:36","date_gmt":"2024-02-17T17:10:36","guid":{"rendered":"https:\/\/www.avatex.ro\/shop\/?post_type=product&#038;p=40886"},"modified":"2025-09-13T20:20:18","modified_gmt":"2025-09-13T17:20:18","slug":"patura-andora-din-lana-merino-si-casmir-140x200cm-beige","status":"publish","type":"product","link":"https:\/\/www.avatex.ro\/shop\/produs\/patura-andora-din-lana-merino-si-casmir-140x200cm-beige\/","title":{"rendered":"P\u0103tur\u0103 Andora din l\u00e2n\u0103 MERINO \u0219i CA\u0218MIR 140x200cm &#8211; Beige"},"content":{"rendered":"<p>L\u00e2na merinos merit\u0103 cu adev\u0103rat ova\u021bie exclusiv\u0103 &#8211; datorit\u0103 calit\u0103\u021bilor sale unice ofer\u0103 fiec\u0103rui produs o moliciune, bl\u00e2nde\u021be, confort \u0219i c\u0103ldur\u0103 fantastice.\u00a0Nu este surprinz\u0103tor faptul c\u0103 l\u00e2na merinos este foarte apreciat\u0103.\u00a0Se ob\u021bine din l\u00e2na de oaie merinos.\u00a0Aceste oi sunt crescute \u00een Australia \u0219i Noua Zeeland\u0103, unde au o clim\u0103 \u0219i condi\u021bii de reproducere foarte favorabile.\u00a0Ca urmare a acestor factori, oile produc l\u00e2n\u0103 de \u00eenalt\u0103 calitate, cu calit\u0103\u021bi speciale, care c\u00e2\u0219tig\u0103 mult\u0103 simpatie \u00een \u00eentreaga lume.\u00a0L\u00e2na merinos este folosit\u0103 la fabricarea \u00eembr\u0103c\u0103mintei din l\u00e2n\u0103, a altor produse textile, dar unul dintre cele mai populare produse din aceast\u0103 l\u00e2n\u0103 sunt p\u0103turile.\u00a0Odat\u0103 ce e\u0219ti \u00eenf\u0103\u0219urat \u00eentr-o p\u0103tur\u0103 de l\u00e2n\u0103 merinos, te vei \u00eendr\u0103gosti de ea \u0219i nu vei dori s\u0103-i dai drumul.<\/p>\n<p>P\u0103tura din l\u00e2n\u0103 merinos care se poate adapta \u00een mod ideal la temperatura corpului va fi indispensabil\u0103 \u00een sezonul rece, precum \u0219i \u00een serile mai r\u0103coroase de var\u0103 c\u00e2nd dori\u021bi s\u0103 petrece\u021bi ceva timp pe teras\u0103, \u00een natur\u0103, \u00eentr-o excursie romantic\u0103 cu barca sau pur \u0219i simplu s\u0103 privi\u021bi un apus de soare minunat. la litoral.<\/p>\n<p>P\u0103tura din l\u00e2n\u0103 merinos este foarte cald\u0103 \u0219i confortabil\u0103. Va p\u0103stra c\u0103ldura \u00een mod pl\u0103cut chiar \u0219i la o temperatur\u0103 mai rece, acas\u0103 sau \u00een aer liber. Dar nu v\u0103 l\u0103sa\u021bi p\u0103c\u0103li\u021bi &#8211; de\u0219i p\u0103streaz\u0103 perfect c\u0103ldura, cea mai bun\u0103 parte este c\u0103 nu va permite supra\u00eenc\u0103lzirea, deoarece l\u00e2na merinos este respirabil\u0103, astfel \u00eenc\u00e2t pielea va putea respira liber. \u00cen plus, l\u00e2na nu irit\u0103 nici m\u0103car pielea cea mai sensibil\u0103, nu provoac\u0103 alergii \u0219i este potrivit\u0103 chiar \u0219i pentru pielea predispus\u0103 la alergii. De asemenea, vei fi fascinat de u\u0219urin\u021ba p\u0103turii &#8211; nu va \u00eengr\u0103di deloc mi\u0219c\u0103rile \u0219i atunci c\u00e2nd te vei acoperi cu ea nu vei sim\u021bi greutatea p\u0103turii, ci doar un material pufos \u0219i o moliciune de nedescris.<\/p>\n<p>P\u0103tura din l\u00e2n\u0103 merinos combin\u0103 luxul solid, elegan\u021ba, pufitatea \u0219i moliciunea uimitoare.\u00a0Prin urmare, aceste produse sunt foarte des alese pentru ele \u00eensele, ca cadouri, precum \u0219i pentru copii &#8211; potrivite chiar \u0219i pentru cei mai mici, c\u0103rora le aminte\u0219te de \u00eembr\u0103\u021bi\u0219area celei mai confortabile mame din lume.<\/p>\n<p><strong>Acest produs este fabricat din material textil certificat OEKO-TEX\u00ae STANDARD 100.\u00a0Aceast\u0103 certificare asigur\u0103 c\u0103 nu sunt utilizate substan\u021be nocive la prelucrarea fibrelor \u0219i c\u0103 lenjeria de pat este sigur\u0103, non-alergenic\u0103 \u0219i potrivit\u0103 pentru copii.<\/strong><\/p>\n<p><strong>V\u0103 rug\u0103m s\u0103 re\u021bine\u021bi c\u0103 culorile \u00een realitate pot diferi u\u0219or de culorile din fotografii.<\/strong><\/p>\n","protected":false},"excerpt":{"rendered":"<div class=\"description-wrp\">\n<div class=\"description-inner-wrp\">\n<p>Realizat din cea mai fin\u0103 l\u00e2n\u0103 merinos \u0219i ca\u0219mir, este u\u0219oar\u0103 \u0219i sub\u021bire, cu o \u021bes\u0103tur\u0103 dens\u0103 din fire fine. De\u0219i p\u0103streaz\u0103 perfect c\u0103ldura, cea mai bun\u0103 parte este c\u0103 nu va permite supra\u00eenc\u0103lzirea, deoarece l\u00e2na merinos este respirabil\u0103, astfel \u00eenc\u00e2t pielea va putea respira liber.<\/p>\n<p>\u00cen plus, l\u00e2na nu irit\u0103 nici m\u0103car pielea cea mai sensibil\u0103, nu provoac\u0103 alergii \u0219i este potrivit\u0103 chiar \u0219i pentru pielea predispus\u0103 la alergii.\u00a0De asemenea, vei fi fascinat de u\u0219urin\u021ba p\u0103turii &#8211; nu va \u00eengr\u0103di deloc mi\u0219c\u0103rile \u0219i atunci c\u00e2nd te vei acoperi cu ea nu vei sim\u021bi greutatea p\u0103turii, ci doar un material pufos \u0219i o moliciune de nedescris.<\/p>\n<\/div>\n<\/div>\n<div class=\"filters-wrp tab-wrp\">Dimensiune: 140x200cm, greutate 245gr\/mp<\/div>\n<div>Culoare: beige<\/div>\n","protected":false},"featured_media":40892,"comment_status":"open","ping_status":"closed","template":"","meta":[],"product_brand":[],"product_cat":[129],"product_tag":[133,136,132,130,131],"class_list":{"0":"post-40886","1":"product","2":"type-product","3":"status-publish","4":"has-post-thumbnail","6":"product_cat-paturi-lana-merino","7":"product_tag-patura-lana-merinos","8":"product_tag-paturi-casmir","9":"product_tag-paturi-lana","10":"product_tag-paturi-merino","11":"product_tag-paturi-merinos","12":"product_shipping_class-pilota","14":"first","15":"outofstock","16":"sale","17":"taxable","18":"shipping-taxable","19":"purchasable","20":"product-type-simple"},"_links":{"self":[{"href":"https:\/\/www.avatex.ro\/shop\/wp-json\/wp\/v2\/product\/40886"}],"collection":[{"href":"https:\/\/www.avatex.ro\/shop\/wp-json\/wp\/v2\/product"}],"about":[{"href":"https:\/\/www.avatex.ro\/shop\/wp-json\/wp\/v2\/types\/product"}],"replies":[{"embeddable":true,"href":"https:\/\/www.avatex.ro\/shop\/wp-json\/wp\/v2\/comments?post=40886"}],"wp:featuredmedia":[{"embeddable":true,"href":"https:\/\/www.avatex.ro\/shop\/wp-json\/wp\/v2\/media\/40892"}],"wp:attachment":[{"href":"https:\/\/www.avatex.ro\/shop\/wp-json\/wp\/v2\/media?parent=40886"}],"wp:term":[{"taxonomy":"product_brand","embeddable":true,"href":"https:\/\/www.avatex.ro\/shop\/wp-json\/wp\/v2\/product_brand?post=40886"},{"taxonomy":"product_cat","embeddable":true,"href":"https:\/\/www.avatex.ro\/shop\/wp-json\/wp\/v2\/product_cat?post=40886"},{"taxonomy":"product_tag","embeddable":true,"href":"https:\/\/www.avatex.ro\/shop\/wp-json\/wp\/v2\/product_tag?post=40886"}],"curies":[{"name":"wp","href":"https:\/\/api.w.org\/{rel}","templated":true}]}}