{"id":40777,"date":"2024-02-12T19:46:36","date_gmt":"2024-02-12T17:46:36","guid":{"rendered":"https:\/\/www.avatex.ro\/shop\/?post_type=product&#038;p=40777"},"modified":"2026-01-26T00:09:31","modified_gmt":"2026-01-25T22:09:31","slug":"halat-de-baie-alb-velour-100-bumbac-premium-pentru-copii","status":"publish","type":"product","link":"https:\/\/www.avatex.ro\/shop\/produs\/halat-de-baie-alb-velour-100-bumbac-premium-pentru-copii\/","title":{"rendered":"Halat de baie alb velour PREMIUM pentru copii"},"content":{"rendered":"","protected":false},"excerpt":{"rendered":"<div class=\"innerShortcode\">\n<div class=\"innerContent\">\n<p>Cu o greutate mult peste medie, aceste halate sunt pline, u\u0219or de \u00eentre\u021binut, perfecte pentru uz casnic sau dup\u0103 b\u0103i pline de distrac\u021bie.<\/p>\n<p>Designul cu glug\u0103, simplu \u0219i adaptabil se potrive\u0219te at\u00e2t b\u0103ie\u021bilor, c\u00e2t \u0219i feti\u021belor, asigur\u00e2nd o experien\u021b\u0103 c\u0103lduroas\u0103 \u0219i confortabil\u0103 pentru fiecare copil.<\/p>\n<p>Suntem con\u0219tien\u021bi c\u0103 dimensiunile copiilor variaz\u0103, a\u0219a c\u0103 oferim o dimensiune universal\u0103 care se preteaz\u0103 p\u00e2n\u0103 in v\u00e2rsta de 8 ani. Pentru o potrivire bun\u0103 te rug\u0103m s\u0103 verifici dimensiunile.<\/p>\n<p>&nbsp;<\/p>\n<\/div>\n<\/div>\n","protected":false},"featured_media":52079,"comment_status":"open","ping_status":"closed","template":"","meta":[],"product_brand":[],"product_cat":[60],"product_tag":[],"class_list":{"0":"post-40777","1":"product","2":"type-product","3":"status-publish","4":"has-post-thumbnail","6":"product_cat-halate-de-baie","7":"product_shipping_class-halat-de-baie","9":"first","10":"outofstock","11":"sale","12":"taxable","13":"shipping-taxable","14":"purchasable","15":"product-type-simple"},"_links":{"self":[{"href":"https:\/\/www.avatex.ro\/shop\/wp-json\/wp\/v2\/product\/40777"}],"collection":[{"href":"https:\/\/www.avatex.ro\/shop\/wp-json\/wp\/v2\/product"}],"about":[{"href":"https:\/\/www.avatex.ro\/shop\/wp-json\/wp\/v2\/types\/product"}],"replies":[{"embeddable":true,"href":"https:\/\/www.avatex.ro\/shop\/wp-json\/wp\/v2\/comments?post=40777"}],"wp:featuredmedia":[{"embeddable":true,"href":"https:\/\/www.avatex.ro\/shop\/wp-json\/wp\/v2\/media\/52079"}],"wp:attachment":[{"href":"https:\/\/www.avatex.ro\/shop\/wp-json\/wp\/v2\/media?parent=40777"}],"wp:term":[{"taxonomy":"product_brand","embeddable":true,"href":"https:\/\/www.avatex.ro\/shop\/wp-json\/wp\/v2\/product_brand?post=40777"},{"taxonomy":"product_cat","embeddable":true,"href":"https:\/\/www.avatex.ro\/shop\/wp-json\/wp\/v2\/product_cat?post=40777"},{"taxonomy":"product_tag","embeddable":true,"href":"https:\/\/www.avatex.ro\/shop\/wp-json\/wp\/v2\/product_tag?post=40777"}],"curies":[{"name":"wp","href":"https:\/\/api.w.org\/{rel}","templated":true}]}}