{"id":39371,"date":"2023-12-01T17:50:55","date_gmt":"2023-12-01T15:50:55","guid":{"rendered":"https:\/\/www.avatex.ro\/shop\/?post_type=product&#038;p=39371"},"modified":"2025-09-12T22:46:37","modified_gmt":"2025-09-12T19:46:37","slug":"fata-de-masa-cu-motive-de-iarna-olaph","status":"publish","type":"product","link":"https:\/\/www.avatex.ro\/shop\/produs\/fata-de-masa-cu-motive-de-iarna-olaph\/","title":{"rendered":"Fa\u021b\u0103 de mas\u0103 cu motive de iarn\u0103 Olaph"},"content":{"rendered":"","protected":false},"excerpt":{"rendered":"<p>Celebreaz\u0103 frumuse\u021bea iernii \u0219i spiritul Cr\u0103ciunului cu fe\u021bele noastre de mas\u0103 inspirate de s\u0103rb\u0103toare. Aceast\u0103 colec\u021bie, captiv\u00e2nd prin elegan\u021ba \u0219i calitatea materialului, aduce \u00een casa ta splendoarea sezonului.<\/p>\n<p>Modelele variate, de la peisaje iernatice serene la simboluri clasice de Cr\u0103ciun, sunt imprimate \u00een culori vibrante, ad\u0103ug\u00e2nd un farmec aparte oric\u0103rei mese. Fie c\u0103 preg\u0103te\u0219ti o cin\u0103 intim\u0103 sau un osp\u0103\u021b mare, fe\u021bele noastre de mas\u0103 sunt u\u0219or de \u00eentre\u021binut, rezist\u00e2nd la pete \u0219i necesit\u00e2nd \u00eengrijire minim\u0103.<\/p>\n<p>Alege dintr-o gam\u0103 variat\u0103 de dimensiuni pentru a ad\u0103uga un aer festiv \u0219i sofisticat \u00eent\u00e2lnirilor de s\u0103rb\u0103toare din familie.<\/p>\n","protected":false},"featured_media":39376,"comment_status":"open","ping_status":"closed","template":"","meta":[],"product_brand":[],"product_cat":[88,79],"product_tag":[],"class_list":{"0":"post-39371","1":"product","2":"type-product","3":"status-publish","4":"has-post-thumbnail","6":"product_cat-motive-craciun","7":"product_cat-fete-de-masa","8":"product_shipping_class-halat-de-baie","10":"first","11":"instock","12":"sale","13":"taxable","14":"shipping-taxable","15":"purchasable","16":"product-type-variable","17":"has-default-attributes"},"_links":{"self":[{"href":"https:\/\/www.avatex.ro\/shop\/wp-json\/wp\/v2\/product\/39371"}],"collection":[{"href":"https:\/\/www.avatex.ro\/shop\/wp-json\/wp\/v2\/product"}],"about":[{"href":"https:\/\/www.avatex.ro\/shop\/wp-json\/wp\/v2\/types\/product"}],"replies":[{"embeddable":true,"href":"https:\/\/www.avatex.ro\/shop\/wp-json\/wp\/v2\/comments?post=39371"}],"wp:featuredmedia":[{"embeddable":true,"href":"https:\/\/www.avatex.ro\/shop\/wp-json\/wp\/v2\/media\/39376"}],"wp:attachment":[{"href":"https:\/\/www.avatex.ro\/shop\/wp-json\/wp\/v2\/media?parent=39371"}],"wp:term":[{"taxonomy":"product_brand","embeddable":true,"href":"https:\/\/www.avatex.ro\/shop\/wp-json\/wp\/v2\/product_brand?post=39371"},{"taxonomy":"product_cat","embeddable":true,"href":"https:\/\/www.avatex.ro\/shop\/wp-json\/wp\/v2\/product_cat?post=39371"},{"taxonomy":"product_tag","embeddable":true,"href":"https:\/\/www.avatex.ro\/shop\/wp-json\/wp\/v2\/product_tag?post=39371"}],"curies":[{"name":"wp","href":"https:\/\/api.w.org\/{rel}","templated":true}]}}