{"id":36571,"date":"2023-06-20T19:12:04","date_gmt":"2023-06-20T16:12:04","guid":{"rendered":"https:\/\/www.avatex.ro\/shop\/?post_type=product&#038;p=36571"},"modified":"2025-10-19T21:50:28","modified_gmt":"2025-10-19T18:50:28","slug":"lenjerie-de-pat-blissful-retreat-100-bumbac-satinat-2","status":"publish","type":"product","link":"https:\/\/www.avatex.ro\/shop\/produs\/lenjerie-de-pat-blissful-retreat-100-bumbac-satinat-2\/","title":{"rendered":"Lenjerie de pat Blissful Retreat 100% bumbac satinat"},"content":{"rendered":"<p><\/p>\n<p>Aceast\u0103 lenjerie de pat \u00eembin\u0103 un mix deosebit de design din figuri floral si culori complementare ce reflect\u0103 un look modern \u0219i o atingere delicat\u0103, oferind dormitorului t\u0103u un aspect cozy \u0219i natural.<\/p>\n<div class=\"shortcode-unorderedlist tick\">\n<p><strong>Dimensiune<\/strong>:<\/p>\n<ul>\n<li>cearceaf pat: 230 x 260 cm<\/li>\n<li>cearceaf pilot\u0103: 200 x 220 cm<\/li>\n<li>2 fete de pern\u0103: 50 x 70 cm<\/li>\n<\/ul>\n<\/div>\n<p><strong>Instructiuni de folosire:<\/strong><\/p>\n<div class=\"shortcode-unorderedlist green-dot\">\n<ul>\n<li>Temperatura maxima de spalare 40\u00b0C<\/li>\n<li>Nu se foloseste clor<\/li>\n<li>Se calca la temperatura maxima a talpii fierului de calcat: 130\u00b0C<\/li>\n<li>Nu se poate cur\u0103\u021ba chimic<\/li>\n<\/ul>\n<\/div>\n<p><\/p>\n","protected":false},"excerpt":{"rendered":"<p>\u00cenvele\u0219te-te \u00een lux \u0219i c\u0103l\u0103tore\u0219te \u00een lumea viselor cu lenjeria de pat ce te ademene\u0219te cu texturi moi, designuri fermec\u0103toare \u0219i confort absolut. Descoper\u0103 pl\u0103cerea unui somn relaxant \u0219i r\u0103sf\u0103\u021b\u0103-te cu momente de evadare \u00een universul t\u0103u personal de visare.<\/p>\n","protected":false},"featured_media":36573,"comment_status":"open","ping_status":"closed","template":"","meta":[],"product_brand":[],"product_cat":[113,56],"product_tag":[112],"class_list":{"0":"post-36571","1":"product","2":"type-product","3":"status-publish","4":"has-post-thumbnail","6":"product_cat-lenjerii-colorate","7":"product_cat-lenjerii-de-pat","8":"product_tag-lenjerii-colorate","9":"product_shipping_class-lenjerie","11":"first","12":"outofstock","13":"sale","14":"taxable","15":"shipping-taxable","16":"purchasable","17":"product-type-simple"},"_links":{"self":[{"href":"https:\/\/www.avatex.ro\/shop\/wp-json\/wp\/v2\/product\/36571"}],"collection":[{"href":"https:\/\/www.avatex.ro\/shop\/wp-json\/wp\/v2\/product"}],"about":[{"href":"https:\/\/www.avatex.ro\/shop\/wp-json\/wp\/v2\/types\/product"}],"replies":[{"embeddable":true,"href":"https:\/\/www.avatex.ro\/shop\/wp-json\/wp\/v2\/comments?post=36571"}],"wp:featuredmedia":[{"embeddable":true,"href":"https:\/\/www.avatex.ro\/shop\/wp-json\/wp\/v2\/media\/36573"}],"wp:attachment":[{"href":"https:\/\/www.avatex.ro\/shop\/wp-json\/wp\/v2\/media?parent=36571"}],"wp:term":[{"taxonomy":"product_brand","embeddable":true,"href":"https:\/\/www.avatex.ro\/shop\/wp-json\/wp\/v2\/product_brand?post=36571"},{"taxonomy":"product_cat","embeddable":true,"href":"https:\/\/www.avatex.ro\/shop\/wp-json\/wp\/v2\/product_cat?post=36571"},{"taxonomy":"product_tag","embeddable":true,"href":"https:\/\/www.avatex.ro\/shop\/wp-json\/wp\/v2\/product_tag?post=36571"}],"curies":[{"name":"wp","href":"https:\/\/api.w.org\/{rel}","templated":true}]}}