{"id":36560,"date":"2023-06-20T18:36:17","date_gmt":"2023-06-20T15:36:17","guid":{"rendered":"https:\/\/www.avatex.ro\/shop\/?post_type=product&#038;p=36560"},"modified":"2025-09-12T22:46:53","modified_gmt":"2025-09-12T19:46:53","slug":"lenjerie-de-pat-dreamscape-delights-100-bumbac-satinat","status":"publish","type":"product","link":"https:\/\/www.avatex.ro\/shop\/produs\/lenjerie-de-pat-dreamscape-delights-100-bumbac-satinat\/","title":{"rendered":"Lenjerie de pat Dreamscape Delights 100% bumbac satinat"},"content":{"rendered":"<p><\/p>\n<p>Transform\u0103-\u021bi instant dormitorul cu setul nostru Dreamscape Delights, inspirat de arta tradi\u021bional\u0103 \u0219i tonuri vibrante. Cu un design complet reversibil, astfel \u00eenc\u00e2t s\u0103 ob\u021bii dou\u0103 look-uri \u00eentr-unul, perfect pentru a comuta \u00een func\u021bie de dispozi\u021bia sau decorul\u00a0 t\u0103u.<\/p>\n<div class=\"shortcode-unorderedlist tick\">\n<p><strong>Dimensiune<\/strong>:<\/p>\n<ul>\n<li>cearceaf pat: 230 x 260 cm<\/li>\n<li>cearceaf pilot\u0103: 200 x 220 cm<\/li>\n<li>2 fete de pern\u0103: 50 x 70 cm<\/li>\n<\/ul>\n<\/div>\n<p><strong>Instructiuni de folosire:<\/strong><\/p>\n<div class=\"shortcode-unorderedlist green-dot\">\n<ul>\n<li>Temperatura maxima de spalare 40\u00b0C<\/li>\n<li>Nu se foloseste clor<\/li>\n<li>Se calca la temperatura maxima a talpii fierului de calcat: 130\u00b0C<\/li>\n<li>Nu se poate cur\u0103\u021ba chimic<\/li>\n<\/ul>\n<\/div>\n<p><\/p>\n","protected":false},"excerpt":{"rendered":"<p>Exploreaz\u0103 simplitatea \u0219i prospe\u021bimea cu lenjeria de pat inspirat\u0103 de marea lini\u0219tit\u0103. Texturile delicate \u0219i culorile r\u0103coritoare \u00ee\u021bi ofer\u0103 un somn odihnitor \u0219i un start perfect pentru fiecare zi. Creeaz\u0103-\u021bi propria evadare spa\u021bial\u0103 \u0219i savureaz\u0103 momente de relaxare \u00een bra\u021bele lin\u0103 ale lenjeriei de pat ce te cufund\u0103 \u00eentr-o atmosfer\u0103 de lini\u0219te \u0219i armonie.<\/p>\n","protected":false},"featured_media":36566,"comment_status":"open","ping_status":"closed","template":"","meta":[],"product_brand":[],"product_cat":[113,56],"product_tag":[112],"class_list":{"0":"post-36560","1":"product","2":"type-product","3":"status-publish","4":"has-post-thumbnail","6":"product_cat-lenjerii-colorate","7":"product_cat-lenjerii-de-pat","8":"product_tag-lenjerii-colorate","9":"product_shipping_class-lenjerie","11":"first","12":"outofstock","13":"sale","14":"taxable","15":"shipping-taxable","16":"purchasable","17":"product-type-simple"},"_links":{"self":[{"href":"https:\/\/www.avatex.ro\/shop\/wp-json\/wp\/v2\/product\/36560"}],"collection":[{"href":"https:\/\/www.avatex.ro\/shop\/wp-json\/wp\/v2\/product"}],"about":[{"href":"https:\/\/www.avatex.ro\/shop\/wp-json\/wp\/v2\/types\/product"}],"replies":[{"embeddable":true,"href":"https:\/\/www.avatex.ro\/shop\/wp-json\/wp\/v2\/comments?post=36560"}],"wp:featuredmedia":[{"embeddable":true,"href":"https:\/\/www.avatex.ro\/shop\/wp-json\/wp\/v2\/media\/36566"}],"wp:attachment":[{"href":"https:\/\/www.avatex.ro\/shop\/wp-json\/wp\/v2\/media?parent=36560"}],"wp:term":[{"taxonomy":"product_brand","embeddable":true,"href":"https:\/\/www.avatex.ro\/shop\/wp-json\/wp\/v2\/product_brand?post=36560"},{"taxonomy":"product_cat","embeddable":true,"href":"https:\/\/www.avatex.ro\/shop\/wp-json\/wp\/v2\/product_cat?post=36560"},{"taxonomy":"product_tag","embeddable":true,"href":"https:\/\/www.avatex.ro\/shop\/wp-json\/wp\/v2\/product_tag?post=36560"}],"curies":[{"name":"wp","href":"https:\/\/api.w.org\/{rel}","templated":true}]}}