{"id":31623,"date":"2022-07-13T17:42:37","date_gmt":"2022-07-13T14:42:37","guid":{"rendered":"https:\/\/www.avatex.ro\/shop\/?post_type=product&#038;p=31623"},"modified":"2025-10-07T17:00:40","modified_gmt":"2025-10-07T14:00:40","slug":"set-2-prosoape-de-plaja-640gr-mp-galben","status":"publish","type":"product","link":"https:\/\/www.avatex.ro\/shop\/produs\/set-2-prosoape-de-plaja-640gr-mp-galben\/","title":{"rendered":"Set 2 Prosoape de Plaj\u0103 640gr\/mp &#8211; Galben"},"content":{"rendered":"","protected":false},"excerpt":{"rendered":"<p>Prosopul de plaj\u0103 ofer\u0103 un spa\u021biu generos pentru a te sim\u021bi complet \u00eenvelit sau pentru a acoperi cea mai mare parte a \u0219ezlongului atunci c\u00e2nd te relaxezi dup\u0103 \u00eenot.<br \/>\nComand\u00e2nd acest set vei primi 2 prosoape de plaj\u0103 90x180cm, culoare galben\u0103, greutate 640 gr\/mp.<\/p>\n","protected":false},"featured_media":31628,"comment_status":"open","ping_status":"closed","template":"","meta":[],"product_brand":[],"product_cat":[81,122,59,92],"product_tag":[86],"class_list":{"0":"post-31623","1":"product","2":"type-product","3":"status-publish","4":"has-post-thumbnail","6":"product_cat-produse-high-luxury-embroidery","7":"product_cat-prosoape-colorate","8":"product_cat-prosoape-de-baie","9":"product_cat-embroidery-prosoape","10":"product_tag-prosoape-color","11":"product_shipping_class-prosoape","13":"first","14":"outofstock","15":"sale","16":"taxable","17":"shipping-taxable","18":"purchasable","19":"product-type-simple"},"_links":{"self":[{"href":"https:\/\/www.avatex.ro\/shop\/wp-json\/wp\/v2\/product\/31623"}],"collection":[{"href":"https:\/\/www.avatex.ro\/shop\/wp-json\/wp\/v2\/product"}],"about":[{"href":"https:\/\/www.avatex.ro\/shop\/wp-json\/wp\/v2\/types\/product"}],"replies":[{"embeddable":true,"href":"https:\/\/www.avatex.ro\/shop\/wp-json\/wp\/v2\/comments?post=31623"}],"wp:featuredmedia":[{"embeddable":true,"href":"https:\/\/www.avatex.ro\/shop\/wp-json\/wp\/v2\/media\/31628"}],"wp:attachment":[{"href":"https:\/\/www.avatex.ro\/shop\/wp-json\/wp\/v2\/media?parent=31623"}],"wp:term":[{"taxonomy":"product_brand","embeddable":true,"href":"https:\/\/www.avatex.ro\/shop\/wp-json\/wp\/v2\/product_brand?post=31623"},{"taxonomy":"product_cat","embeddable":true,"href":"https:\/\/www.avatex.ro\/shop\/wp-json\/wp\/v2\/product_cat?post=31623"},{"taxonomy":"product_tag","embeddable":true,"href":"https:\/\/www.avatex.ro\/shop\/wp-json\/wp\/v2\/product_tag?post=31623"}],"curies":[{"name":"wp","href":"https:\/\/api.w.org\/{rel}","templated":true}]}}