{"id":30140,"date":"2022-03-03T19:39:46","date_gmt":"2022-03-03T17:39:46","guid":{"rendered":"https:\/\/www.avatex.ro\/shop\/?post_type=product&#038;p=30140"},"modified":"2025-11-07T02:08:15","modified_gmt":"2025-11-07T00:08:15","slug":"set-4-prosoape-de-baie-yani-arma-lux-650gr-mp-extra-soft-white","status":"publish","type":"product","link":"https:\/\/www.avatex.ro\/shop\/produs\/set-4-prosoape-de-baie-yani-arma-lux-650gr-mp-extra-soft-white\/","title":{"rendered":"Set 4 Prosoape de Baie Yani Arma LUX 650gr\/mp Extra SOFT &#8211; White"},"content":{"rendered":"<p><\/p>\n<p>Prosoapele pe care noi le oferim spre comercializare sunt destinate industriei hoteliere. Dac\u0103 dore\u0219ti un produs brodat de o calitate de LUX, 100% bumbac, rezistent la sp\u0103l\u0103ri repetate \u0219i la temperaturi \u00eenalte atunci nu ezita s\u0103 comanzi acest produs!<\/p>\n<p>Comand\u00e2nd acest set vei primi 4 prosoape albe, greutate 650 gr\/mp Extra SOFT Touch in functie de tipul setului ales: prosoape de corp 70&#215;140 cm \u0219i prosoape de fa\u021b\u0103 50&#215;90 cm.<\/p>\n<p><strong>Descriere\u00a0produse:<\/strong><\/p>\n<div class=\"shortcode-unorderedlist tick\">\n<ul>\n<li>100% bumbac, culoare alb<\/li>\n<li>greutate 650 gr\/mp LUX &#8211; Extra SOFT Touch<\/li>\n<li>temperatura de sp\u0103lare recomandat\u0103 maxim 60 grade<\/li>\n<li>fir dublu 20\/2<\/li>\n<\/ul>\n<\/div>\n<p><strong>Dimensiunile\u00a0prosoapelor\u00a0sunt:<\/strong><\/p>\n<div class=\"shortcode-unorderedlist green-dot\">\n<ul>\n<li>corp: 70\u00a0x 140\u00a0cm<\/li>\n<li>fa\u021b\u0103: 50\u00a0x 90\u00a0cm<\/li>\n<\/ul>\n<\/div>\n<p><strong>Instructiuni de folosire:<\/strong><\/p>\n<div class=\"shortcode-unorderedlist green-dot\">\n<ul>\n<li>Temperatura recomandat\u0103 de sp\u0103lare maxim 60\u00b0C<\/li>\n<li>A nu se folosi clor<\/li>\n<li>Recomand\u0103m sp\u0103larea \u00eenainte de prima folosire pentru a \u00eenl\u0103tura toate urmele r\u0103mase \u00een urma procesului de brodat<\/li>\n<\/ul>\n<\/div>\n<p><\/p>\n","protected":false},"excerpt":{"rendered":"<p>Prosoapele brodate albe 100% bumbac eman\u0103 calitate \u0219i elegan\u021b\u0103 surprem\u0103. Greutatea de 650 gr\/mp face ca acestea s\u0103 fie moi, confortabile \u0219i s\u0103 absoarb\u0103 foarte bine apa de pe piele.<\/p>\n<p>Comand\u00e2nd acest set vei primi 4 prosoape albe LUX, colec\u021bia Yani Arma cu broderie de culoarea selectat\u0103, greutate 650 gr\/mp Extra SOFT Touch:<\/p>\n<ul>\n<li>prosoape de corp 100% bumbac 70&#215;140 cm<\/li>\n<li>prosoape de fa\u021b\u0103 100% bumbac 50&#215;90 cm<\/li>\n<\/ul>\n","protected":false},"featured_media":30146,"comment_status":"open","ping_status":"closed","template":"","meta":[],"product_brand":[],"product_cat":[81,121,59,92],"product_tag":[124,89],"class_list":{"0":"post-30140","1":"product","2":"type-product","3":"status-publish","4":"has-post-thumbnail","6":"product_cat-produse-high-luxury-embroidery","7":"product_cat-prosoape-albe","8":"product_cat-prosoape-de-baie","9":"product_cat-embroidery-prosoape","10":"product_tag-prosoape-albe","11":"product_tag-prosoape-luxury-embroidery","12":"product_shipping_class-prosoape","14":"first","15":"instock","16":"sale","17":"featured","18":"taxable","19":"shipping-taxable","20":"purchasable","21":"product-type-variable","22":"has-default-attributes"},"_links":{"self":[{"href":"https:\/\/www.avatex.ro\/shop\/wp-json\/wp\/v2\/product\/30140"}],"collection":[{"href":"https:\/\/www.avatex.ro\/shop\/wp-json\/wp\/v2\/product"}],"about":[{"href":"https:\/\/www.avatex.ro\/shop\/wp-json\/wp\/v2\/types\/product"}],"replies":[{"embeddable":true,"href":"https:\/\/www.avatex.ro\/shop\/wp-json\/wp\/v2\/comments?post=30140"}],"wp:featuredmedia":[{"embeddable":true,"href":"https:\/\/www.avatex.ro\/shop\/wp-json\/wp\/v2\/media\/30146"}],"wp:attachment":[{"href":"https:\/\/www.avatex.ro\/shop\/wp-json\/wp\/v2\/media?parent=30140"}],"wp:term":[{"taxonomy":"product_brand","embeddable":true,"href":"https:\/\/www.avatex.ro\/shop\/wp-json\/wp\/v2\/product_brand?post=30140"},{"taxonomy":"product_cat","embeddable":true,"href":"https:\/\/www.avatex.ro\/shop\/wp-json\/wp\/v2\/product_cat?post=30140"},{"taxonomy":"product_tag","embeddable":true,"href":"https:\/\/www.avatex.ro\/shop\/wp-json\/wp\/v2\/product_tag?post=30140"}],"curies":[{"name":"wp","href":"https:\/\/api.w.org\/{rel}","templated":true}]}}