{"id":29919,"date":"2022-02-12T20:33:16","date_gmt":"2022-02-12T18:33:16","guid":{"rendered":"https:\/\/www.avatex.ro\/shop\/?post_type=product&#038;p=29919"},"modified":"2025-09-12T22:46:53","modified_gmt":"2025-09-12T19:46:53","slug":"lenjerie-de-pat-saten-light-grey-100-bumbac-densitate-300tc-premium","status":"publish","type":"product","link":"https:\/\/www.avatex.ro\/shop\/produs\/lenjerie-de-pat-saten-light-grey-100-bumbac-densitate-300tc-premium\/","title":{"rendered":"Lenjerie de pat Saten Light Grey 100% bumbac, densitate 300TC &#8211; Premium"},"content":{"rendered":"<p><\/p>\n<p>Moale \u0219i catifelat\u0103 datorit\u0103 fabrica\u021biei sale din bumbac satinat \u0219i a densit\u0103\u021bii mari de 300 de fire, colec\u021bia Saten Light Grey transform\u0103 dormitorul t\u0103u \u00eentr-un sanctuar lini\u0219tit la care abia a\u0219tep\u021bi s\u0103 ajungi dup\u0103 o zi lung\u0103 de munc\u0103.<\/p>\n<div class=\"shortcode-unorderedlist tick\">\n<p><strong>Dimensiune<\/strong>:<\/p>\n<ul>\n<li>cearceaf pat: 240 x 260 cm<\/li>\n<li>cearceaf pilot\u0103: 200 x 220 cm<\/li>\n<li>2 fete de pern\u0103: 50 x 70 cm<\/li>\n<\/ul>\n<\/div>\n<p><strong>Instructiuni de folosire:<\/strong><\/p>\n<div class=\"shortcode-unorderedlist green-dot\">\n<ul>\n<li>Temperatura maxima de spalare 60\u00b0C<\/li>\n<li>Nu se foloseste clor<\/li>\n<li>Se calca la temperatura maxima a talpii fierului de calcat: 130\u00b0C<\/li>\n<li>Nu se poate cur\u0103\u021ba chimic<\/li>\n<\/ul>\n<\/div>\n<p><\/p>\n","protected":false},"excerpt":{"rendered":"<p>Moale \u0219i catifelat\u0103 datorit\u0103 compozi\u021biei sale din bumbac satinat \u0219i a densit\u0103\u021bii mari de 300 de fire, colec\u021bia Saten Light Grey transform\u0103 dormitorul t\u0103u \u00eentr-un sanctuar lini\u0219tit la care abia a\u0219tep\u021bi s\u0103 ajungi dup\u0103 o zi lung\u0103 de munc\u0103.<\/p>\n","protected":false},"featured_media":29920,"comment_status":"open","ping_status":"closed","template":"","meta":[],"product_brand":[],"product_cat":[113,56,140],"product_tag":[112,125],"class_list":{"0":"post-29919","1":"product","2":"type-product","3":"status-publish","4":"has-post-thumbnail","6":"product_cat-lenjerii-colorate","7":"product_cat-lenjerii-de-pat","8":"product_cat-lenjerii-satin","9":"product_tag-lenjerii-colorate","10":"product_tag-lenjerii-unicolor","11":"product_shipping_class-lenjerie","13":"first","14":"outofstock","15":"sale","16":"taxable","17":"shipping-taxable","18":"purchasable","19":"product-type-simple"},"_links":{"self":[{"href":"https:\/\/www.avatex.ro\/shop\/wp-json\/wp\/v2\/product\/29919"}],"collection":[{"href":"https:\/\/www.avatex.ro\/shop\/wp-json\/wp\/v2\/product"}],"about":[{"href":"https:\/\/www.avatex.ro\/shop\/wp-json\/wp\/v2\/types\/product"}],"replies":[{"embeddable":true,"href":"https:\/\/www.avatex.ro\/shop\/wp-json\/wp\/v2\/comments?post=29919"}],"wp:featuredmedia":[{"embeddable":true,"href":"https:\/\/www.avatex.ro\/shop\/wp-json\/wp\/v2\/media\/29920"}],"wp:attachment":[{"href":"https:\/\/www.avatex.ro\/shop\/wp-json\/wp\/v2\/media?parent=29919"}],"wp:term":[{"taxonomy":"product_brand","embeddable":true,"href":"https:\/\/www.avatex.ro\/shop\/wp-json\/wp\/v2\/product_brand?post=29919"},{"taxonomy":"product_cat","embeddable":true,"href":"https:\/\/www.avatex.ro\/shop\/wp-json\/wp\/v2\/product_cat?post=29919"},{"taxonomy":"product_tag","embeddable":true,"href":"https:\/\/www.avatex.ro\/shop\/wp-json\/wp\/v2\/product_tag?post=29919"}],"curies":[{"name":"wp","href":"https:\/\/api.w.org\/{rel}","templated":true}]}}