{"id":29904,"date":"2022-02-12T12:11:00","date_gmt":"2022-02-12T10:11:00","guid":{"rendered":"https:\/\/www.avatex.ro\/shop\/?post_type=product&#038;p=29904"},"modified":"2025-01-20T00:43:52","modified_gmt":"2025-01-19T22:43:52","slug":"lenjerie-de-pat-matrimoniala-san-damien-collection-personal-chain-cu-monograma","status":"publish","type":"product","link":"https:\/\/www.avatex.ro\/shop\/produs\/lenjerie-de-pat-matrimoniala-san-damien-collection-personal-chain-cu-monograma\/","title":{"rendered":"Lenjerie de pat matrimonial\u0103 San Dami\u00e8n Collection &#8211; Personal Chain cu Monogram\u0103"},"content":{"rendered":"<p><\/p>\n<p><strong>Tip material<\/strong><\/p>\n<p>Saten Luxury 100% bumbac satinat, mercerizat si sanforizat.<\/p>\n<p>Culori material disponibile: alb.<\/p>\n<p>Poza este cu titlu de prezentare, setul de lenjerie con\u021bine cearsaf pat, cearsat pilot\u0103 \u0219i 4 fe\u021be de pern\u0103 50x70cm.<\/p>\n<p><strong>Dimensiune<\/strong>:<\/p>\n<div class=\"shortcode-unorderedlist tick\">\n<ul>\n<li>cearceaf pat: 275 x 275 cm (alb), 275 x 245 cm (gri si beige)<\/li>\n<li>cearceaf pilot\u0103: 200 x 220 cm<\/li>\n<li>4 fe\u021be de pern\u0103 brodate: 50 x 70 cm<\/li>\n<\/ul>\n<\/div>\n<p><strong>Instructiuni de folosire:<\/strong><\/p>\n<div class=\"shortcode-unorderedlist green-dot\">\n<ul>\n<li>Temperatura de sp\u0103lare recomandat\u0103 este 60\u00b0C. Dac\u0103 culoarea broderiei pentru care ai optat este \u00eenchis\u0103 este recomandat\u0103 sp\u0103larea la 40 de grade .<\/li>\n<li>Nu se foloseste clor<\/li>\n<li>Se calca la temperatura maxima a talpii fierului de calcat: 130\u00b0C<\/li>\n<li>Nu se poate cur\u0103\u021ba chimic<\/li>\n<\/ul>\n<\/div>\n<p><\/p>\n","protected":false},"excerpt":{"rendered":"<p>Confec\u021bionat\u0103 din satin moale din bumbac pur (300 de fire pe inch patrat) \u0219i \u00eempodobit\u0103 de o broderie elegant\u0103 \u0219i rafinat\u0103, lenjeria de pat luxury embroidery Personal Chain d\u0103 o not\u0103 esen\u021bial\u0103 \u0219i contemporan\u0103 dormitorului.<\/p>\n<p>Un motiv p\u0103strat \u00een arhivele istorice este acum revizuit \u00eentr-o manier\u0103 modern\u0103. Perechea de fe\u021be de pern\u0103 este personalizat\u0103 cu monograma ta, broderia fiind disponibil\u0103 \u00een dou\u0103 variante de culoare: gri perlat si albastru capri.<\/p>\n","protected":false},"featured_media":29909,"comment_status":"open","ping_status":"closed","template":"","meta":[],"product_brand":[],"product_cat":[114,56,91,81],"product_tag":[83,82],"class_list":{"0":"post-29904","1":"product","2":"type-product","3":"status-publish","4":"has-post-thumbnail","6":"product_cat-lenjerii-albe","7":"product_cat-lenjerii-de-pat","8":"product_cat-embroidery-lenjerii-pat","9":"product_cat-produse-high-luxury-embroidery","10":"product_tag-embroidery-luxury","11":"product_tag-lenjerii-high-class","12":"product_shipping_class-lenjerie","14":"first","15":"instock","16":"sale","17":"taxable","18":"shipping-taxable","19":"purchasable","20":"product-type-variable","21":"has-default-attributes"},"_links":{"self":[{"href":"https:\/\/www.avatex.ro\/shop\/wp-json\/wp\/v2\/product\/29904"}],"collection":[{"href":"https:\/\/www.avatex.ro\/shop\/wp-json\/wp\/v2\/product"}],"about":[{"href":"https:\/\/www.avatex.ro\/shop\/wp-json\/wp\/v2\/types\/product"}],"replies":[{"embeddable":true,"href":"https:\/\/www.avatex.ro\/shop\/wp-json\/wp\/v2\/comments?post=29904"}],"wp:featuredmedia":[{"embeddable":true,"href":"https:\/\/www.avatex.ro\/shop\/wp-json\/wp\/v2\/media\/29909"}],"wp:attachment":[{"href":"https:\/\/www.avatex.ro\/shop\/wp-json\/wp\/v2\/media?parent=29904"}],"wp:term":[{"taxonomy":"product_brand","embeddable":true,"href":"https:\/\/www.avatex.ro\/shop\/wp-json\/wp\/v2\/product_brand?post=29904"},{"taxonomy":"product_cat","embeddable":true,"href":"https:\/\/www.avatex.ro\/shop\/wp-json\/wp\/v2\/product_cat?post=29904"},{"taxonomy":"product_tag","embeddable":true,"href":"https:\/\/www.avatex.ro\/shop\/wp-json\/wp\/v2\/product_tag?post=29904"}],"curies":[{"name":"wp","href":"https:\/\/api.w.org\/{rel}","templated":true}]}}