{"id":29016,"date":"2021-12-11T17:29:13","date_gmt":"2021-12-11T15:29:13","guid":{"rendered":"https:\/\/www.avatex.ro\/shop\/?post_type=product&#038;p=29016"},"modified":"2026-05-07T00:14:23","modified_gmt":"2026-05-06T21:14:23","slug":"lenjerie-alba-percale-premium-her-side-his-side","status":"publish","type":"product","link":"https:\/\/www.avatex.ro\/shop\/produs\/lenjerie-alba-percale-premium-her-side-his-side\/","title":{"rendered":"Lenjerie Alb\u0103 Percale PREMIUM &#8222;Her side, His side&#8221;"},"content":{"rendered":"<p><\/p>\n<p>Pentru somnul calduros si odihnitor la care ai visat alege lenjeriile de pat elegante din Percale alb Premium 100% bumbac. Aceste lenjerii sunt confectionate dintr-un bumbac fin, dublu albit, densitate tesatura TC200, 100% mercerizat si sanforizat si au un aspect mat, fiind alegerea suprema in materie de eleganta. Au un grad ridicat de rezistenta la folosire si spalari repetate.<\/p>\n<p>Printre elementele pe care le recomand\u0103m s\u0103 le iei \u00een considerare \u00een alegerea unei lenjerii pat hotel sau pentru uz casnic de calitate se num\u0103r\u0103: materialul din care este confec\u00c5\u00a3ionat\u0103 lenjeria de pat respectiv\u0103 precum \u0219i originea acestuia (recomandat Pakistan sau Egipt), densitatea materialului (TC Tread Count), gramajul per metru p\u0103trat, temperatura de sp\u0103lare dar \u0219i modul \u00een care este realizat\u0103 cus\u0103tura.<\/p>\n<p>Cu c\u00e2t densitatea tesaturii este mai mare cu at\u00e2t lenjeria de pat este mai placut\u0103 \u0219i fin\u0103 la atingere. Este foarte important ca \u00eenainte de a face o achizitie s\u0103 \u00eentrebi furnizorii de textile hoteliere despre caracteristicile materialului iar decizia pe care o vei lua s\u0103 nu se bazeze \u00eentru totul pe pretul cel mai sc\u0103zut. Bine\u00eenteles c\u0103 pretul are o pondere importanta \u00een alegere dar trebuie coroborat \u0219i cu o calitate pe m\u0103sura.<\/p>\n<p><a title=\"Comanda acum: Pentru somnul calduros si odihnitor la care ai visat, alege acum lenjeriile elegante din damasc satinat alb, direct de la productor (avatex.ro)! Ai discount de 40% prin voucherul de 15 lei de la Kuponiada! Echipeaza-ti dormitorul cu o lenjerie fina ca cea a hotelurilor de 5 stele! Ofera-ti clipe de rasfat la tine acasa!\" target=\"_top\" rel=\"nofollow noopener noreferrer\">Echipeaza-ti dormitorul cu o lenjerie fina ca cea a hotelurilor de 5 stele! Ofera-ti clipe de rasfat la tine acasa!<\/a><\/p>\n<p><strong>Lenjeriile pe care noi le comercializam fac parte din gama Horeca, ceea ce impune un standard ridicat de calitate (spalare 90 grade, \u00a0tratare antibacterie, mercerizare, etc). A nu se confunda cu materiale existente pe piata care doar se aseamana din punct de vedere al texturii dar care nu se apropie calitativ si nu respecta rigorile Horeca.<\/strong><\/p>\n<p>Dimensiunile standard sunt cele de mai jos. Daca ai alte dimensiuni te rog sa precizezi in mentiunea comenzii si iti vom confectiona conform nevoilor tale.<\/p>\n<div class=\"shortcode-unorderedlist tick\">\n<p>Dubl\u0103:<\/p>\n<ul>\n<li>cearceaf pat: 220 x 240 cm<\/li>\n<li>cearceaf pilot\u0103: 180 x 210 cm<\/li>\n<li>2 fete de pern\u0103: 50 x 70 cm<\/li>\n<\/ul>\n<\/div>\n<div class=\"shortcode-unorderedlist tick\">\n<p>Matrimonial\u0103:<\/p>\n<ul>\n<li>cearceaf pat: 240 x 260 cm<\/li>\n<li>cearceaf pilot\u0103: 210 x 220 cm<\/li>\n<li>2 fete de pern\u0103: 50 x 70 cm<\/li>\n<\/ul>\n<\/div>\n<p><strong>Instructiuni de folosire:<\/strong><\/p>\n<div class=\"shortcode-unorderedlist green-dot\">\n<ul>\n<li>Temperatura maxima de spalare 60\u00b0C<\/li>\n<li>Nu se foloseste clor<\/li>\n<li>Se calca la temperatura maxima a talpii fierului de calcat: 150\u00b0C<\/li>\n<li>Se poate curata chimic<\/li>\n<\/ul>\n<\/div>\n<p><\/p>\n","protected":false},"excerpt":{"rendered":"<div style=\"text-align: justify;\">\n<p>Aceast\u0103 lenjerie &#8222;Her Side, His Side&#8221; poate fi un cadou neobisnuit pentru o nunt\u0103 sau aniversare. Brodate pe o baz\u0103 alb\u0103 100% bumbac, de \u00eenalt\u0103 calitate, cu 200 de fire, acest set de lenjerie cu fe\u021be de pern\u0103 vor fi o pies\u0103 excep\u021bional\u0103 pentru dormitorul cuplurilor fericite.<\/p>\n<p>Stilizeaz\u0103-\u021bi dormitorul cu lenjeria noastr\u0103 din Percale alb PREMIUM 100% bumbac de origine Pakistan, dublu albit, fabricat dintr-o \u021bes\u0103tur\u0103 deluxe cu densitate TC200 (numm\u0103r de fire per inch p\u0103trat) care eman\u0103 un aer proasp\u0103t \u0219i r\u0103coros.<\/p>\n<p>Este un produs PREMIUM folosit de hotelurile de minim 4 stele, are un grad ridicat de reziste\u021b\u0103 la sp\u0103l\u0103ri repetate, fiind alegerea suprem\u0103 \u00een materie de elegan\u021b\u0103 pentru lenjerii de pat.<\/p>\n<\/div>\n","protected":false},"featured_media":29015,"comment_status":"open","ping_status":"closed","template":"","meta":[],"product_brand":[],"product_cat":[114,56,91],"product_tag":[],"class_list":{"0":"post-29016","1":"product","2":"type-product","3":"status-publish","4":"has-post-thumbnail","6":"product_cat-lenjerii-albe","7":"product_cat-lenjerii-de-pat","8":"product_cat-embroidery-lenjerii-pat","9":"product_shipping_class-lenjerie","11":"first","12":"instock","13":"sale","14":"taxable","15":"shipping-taxable","16":"purchasable","17":"product-type-variable"},"_links":{"self":[{"href":"https:\/\/www.avatex.ro\/shop\/wp-json\/wp\/v2\/product\/29016"}],"collection":[{"href":"https:\/\/www.avatex.ro\/shop\/wp-json\/wp\/v2\/product"}],"about":[{"href":"https:\/\/www.avatex.ro\/shop\/wp-json\/wp\/v2\/types\/product"}],"replies":[{"embeddable":true,"href":"https:\/\/www.avatex.ro\/shop\/wp-json\/wp\/v2\/comments?post=29016"}],"wp:featuredmedia":[{"embeddable":true,"href":"https:\/\/www.avatex.ro\/shop\/wp-json\/wp\/v2\/media\/29015"}],"wp:attachment":[{"href":"https:\/\/www.avatex.ro\/shop\/wp-json\/wp\/v2\/media?parent=29016"}],"wp:term":[{"taxonomy":"product_brand","embeddable":true,"href":"https:\/\/www.avatex.ro\/shop\/wp-json\/wp\/v2\/product_brand?post=29016"},{"taxonomy":"product_cat","embeddable":true,"href":"https:\/\/www.avatex.ro\/shop\/wp-json\/wp\/v2\/product_cat?post=29016"},{"taxonomy":"product_tag","embeddable":true,"href":"https:\/\/www.avatex.ro\/shop\/wp-json\/wp\/v2\/product_tag?post=29016"}],"curies":[{"name":"wp","href":"https:\/\/api.w.org\/{rel}","templated":true}]}}