{"id":29007,"date":"2021-12-11T16:01:30","date_gmt":"2021-12-11T14:01:30","guid":{"rendered":"https:\/\/www.avatex.ro\/shop\/?post_type=product&#038;p=29007"},"modified":"2026-02-17T07:37:37","modified_gmt":"2026-02-17T05:37:37","slug":"set-2-fete-de-perna-albe-her-side-his-side","status":"publish","type":"product","link":"https:\/\/www.avatex.ro\/shop\/produs\/set-2-fete-de-perna-albe-her-side-his-side\/","title":{"rendered":"Set 2 Fe\u021be de pern\u0103 albe Vertical &#8222;Her side, His Side&#8221;"},"content":{"rendered":"<p><\/p>\n<p><strong>Tip material: Percale 100% bumbac<\/strong><br \/>\n<strong>Culoare: Alb<\/strong><br \/>\n<strong>Dimensiune: set 2 bucati 50&#215;70 cm<\/strong><\/p>\n<p><strong>Instructiuni de folosire:<\/strong><\/p>\n<div class=\"shortcode-unorderedlist green-dot\">\n<ul>\n<li>Temperatura de sp\u0103lare recomandat\u0103 este 60\u00b0C.<\/li>\n<li>Nu se foloseste clor<\/li>\n<li>Se calca la temperatura maxima a talpii fierului de calcat: 130\u00b0C<\/li>\n<li>Nu se poate cur\u0103\u021ba chimic<\/li>\n<\/ul>\n<\/div>\n<p><\/p>\n","protected":false},"excerpt":{"rendered":"<p>Aceste fe\u021be de pern\u0103 &#8222;Her Side, His Side&#8221; sunt un cadou neobi\u0219nuit pentru o nunt\u0103 sau o aniversare.<\/p>\n<p>Brodate pe o baz\u0103 alb\u0103 100% bumbac, de \u00eenalt\u0103 calitate, cu 200 de fire, acest set de fe\u021be de pern\u0103 va fi o pies\u0103 excep\u021bional\u0103 pentru dormitorul cuplurilor fericite.<\/p>\n<p>Textul negru His Side and Her Side iese cu adev\u0103rat \u00een eviden\u021b\u0103 pe fa\u021ba de pern\u0103 alb\u0103 din bumbac. Chiar dac\u0103 nu participa\u021bi la o nunt\u0103, aceste fete de pern\u0103 ar fi, de asemenea, un cadou grozav de aniversare sau poate doar pentru a ad\u0103uga un pic de distrac\u021bie propriului dormitor.<\/p>\n","protected":false},"featured_media":29010,"comment_status":"open","ping_status":"closed","template":"","meta":[],"product_brand":[],"product_cat":[93,56,81,119],"product_tag":[83,90],"class_list":{"0":"post-29007","1":"product","2":"type-product","3":"status-publish","4":"has-post-thumbnail","6":"product_cat-embroidery-fete-de-perna","7":"product_cat-lenjerii-de-pat","8":"product_cat-produse-high-luxury-embroidery","9":"product_cat-fete-de-perna","10":"product_tag-embroidery-luxury","11":"product_tag-fete-de-perna","12":"product_shipping_class-lenjerie","14":"first","15":"instock","16":"sale","17":"taxable","18":"shipping-taxable","19":"purchasable","20":"product-type-variable","21":"has-default-attributes"},"_links":{"self":[{"href":"https:\/\/www.avatex.ro\/shop\/wp-json\/wp\/v2\/product\/29007"}],"collection":[{"href":"https:\/\/www.avatex.ro\/shop\/wp-json\/wp\/v2\/product"}],"about":[{"href":"https:\/\/www.avatex.ro\/shop\/wp-json\/wp\/v2\/types\/product"}],"replies":[{"embeddable":true,"href":"https:\/\/www.avatex.ro\/shop\/wp-json\/wp\/v2\/comments?post=29007"}],"wp:featuredmedia":[{"embeddable":true,"href":"https:\/\/www.avatex.ro\/shop\/wp-json\/wp\/v2\/media\/29010"}],"wp:attachment":[{"href":"https:\/\/www.avatex.ro\/shop\/wp-json\/wp\/v2\/media?parent=29007"}],"wp:term":[{"taxonomy":"product_brand","embeddable":true,"href":"https:\/\/www.avatex.ro\/shop\/wp-json\/wp\/v2\/product_brand?post=29007"},{"taxonomy":"product_cat","embeddable":true,"href":"https:\/\/www.avatex.ro\/shop\/wp-json\/wp\/v2\/product_cat?post=29007"},{"taxonomy":"product_tag","embeddable":true,"href":"https:\/\/www.avatex.ro\/shop\/wp-json\/wp\/v2\/product_tag?post=29007"}],"curies":[{"name":"wp","href":"https:\/\/api.w.org\/{rel}","templated":true}]}}