{"id":28976,"date":"2021-12-11T14:10:32","date_gmt":"2021-12-11T12:10:32","guid":{"rendered":"https:\/\/www.avatex.ro\/shop\/?post_type=product&#038;p=28976"},"modified":"2025-09-12T22:47:02","modified_gmt":"2025-09-12T19:47:02","slug":"set-2-fete-de-perna-luxury-embroidery-50x70cm-chain-personal","status":"publish","type":"product","link":"https:\/\/www.avatex.ro\/shop\/produs\/set-2-fete-de-perna-luxury-embroidery-50x70cm-chain-personal\/","title":{"rendered":"Set 2 Fe\u021be de pern\u0103 Luxury Embroidery 50x70cm Chain Personal cu Monogram\u0103"},"content":{"rendered":"<p><\/p>\n<p><strong>Tip material: Saten Luxury 100% bumbac<\/strong><br \/>\n<strong>Culoare: Alb<\/strong><br \/>\n<strong>Dimensiune: set 2 bucati 50&#215;70 cm<\/strong><\/p>\n<p><strong>Instructiuni de folosire:<\/strong><\/p>\n<div class=\"shortcode-unorderedlist green-dot\">\n<ul>\n<li>Temperatura de sp\u0103lare recomandat\u0103 este 60\u00b0C.<\/li>\n<li>Nu se foloseste clor<\/li>\n<li>Se calca la temperatura maxima a talpii fierului de calcat: 130\u00b0C<\/li>\n<li>Nu se poate cur\u0103\u021ba chimic<\/li>\n<\/ul>\n<\/div>\n<p><\/p>\n","protected":false},"excerpt":{"rendered":"<p id=\"c4\" class=\"oBOnKe\"><span class=\"JLqJ4b ChMk0b\" style=\"font-family: Arial, Helvetica, 'Nimbus Sans L', sans-serif; font-size: 13px;\" data-language-for-alternatives=\"ro\" data-language-to-translate-into=\"en\" data-phrase-index=\"0\" data-number-of-phrases=\"7\">Perna decorativ\u0103 Chain Personal, realizat\u0103 din satin moale de bumbac pur (300 de fire pe inch patrat) si \u00eempodobit\u0103 cu ini\u021biala elegant\u0103 brodat\u0103, \u00eembog\u0103te\u0219te colec\u021bia Chain.<\/span> <span class=\"JLqJ4b ChMk0b\" style=\"font-family: Arial, Helvetica, 'Nimbus Sans L', sans-serif; font-size: 13px;\" data-language-for-alternatives=\"ro\" data-language-to-translate-into=\"en\" data-phrase-index=\"2\" data-number-of-phrases=\"7\">Un produs rafinat, unic prin broderia personalizat\u0103, disponibil \u00een dou\u0103 variante de culoare: gri perlat si albastru capri.<\/span><\/p>\n<p class=\"oBOnKe\"><span class=\"JLqJ4b ChMk0b\" style=\"font-family: Arial, Helvetica, 'Nimbus Sans L', sans-serif; font-size: 13px;\" data-language-for-alternatives=\"ro\" data-language-to-translate-into=\"en\" data-phrase-index=\"4\" data-number-of-phrases=\"7\">Potrivindu-se perfect cu motivul Chain al celorlalte articole din colec\u021bie, perna decorativ\u0103 este o idee de cadou frumoas\u0103 pentru orice ocazie important\u0103.<\/span><\/p>\n","protected":false},"featured_media":28984,"comment_status":"open","ping_status":"closed","template":"","meta":[],"product_brand":[],"product_cat":[93,56,81,119],"product_tag":[83,90],"class_list":{"0":"post-28976","1":"product","2":"type-product","3":"status-publish","4":"has-post-thumbnail","6":"product_cat-embroidery-fete-de-perna","7":"product_cat-lenjerii-de-pat","8":"product_cat-produse-high-luxury-embroidery","9":"product_cat-fete-de-perna","10":"product_tag-embroidery-luxury","11":"product_tag-fete-de-perna","12":"product_shipping_class-lenjerie","14":"first","15":"instock","16":"sale","17":"taxable","18":"shipping-taxable","19":"purchasable","20":"product-type-variable","21":"has-default-attributes"},"_links":{"self":[{"href":"https:\/\/www.avatex.ro\/shop\/wp-json\/wp\/v2\/product\/28976"}],"collection":[{"href":"https:\/\/www.avatex.ro\/shop\/wp-json\/wp\/v2\/product"}],"about":[{"href":"https:\/\/www.avatex.ro\/shop\/wp-json\/wp\/v2\/types\/product"}],"replies":[{"embeddable":true,"href":"https:\/\/www.avatex.ro\/shop\/wp-json\/wp\/v2\/comments?post=28976"}],"wp:featuredmedia":[{"embeddable":true,"href":"https:\/\/www.avatex.ro\/shop\/wp-json\/wp\/v2\/media\/28984"}],"wp:attachment":[{"href":"https:\/\/www.avatex.ro\/shop\/wp-json\/wp\/v2\/media?parent=28976"}],"wp:term":[{"taxonomy":"product_brand","embeddable":true,"href":"https:\/\/www.avatex.ro\/shop\/wp-json\/wp\/v2\/product_brand?post=28976"},{"taxonomy":"product_cat","embeddable":true,"href":"https:\/\/www.avatex.ro\/shop\/wp-json\/wp\/v2\/product_cat?post=28976"},{"taxonomy":"product_tag","embeddable":true,"href":"https:\/\/www.avatex.ro\/shop\/wp-json\/wp\/v2\/product_tag?post=28976"}],"curies":[{"name":"wp","href":"https:\/\/api.w.org\/{rel}","templated":true}]}}