{"id":28386,"date":"2021-11-12T00:07:44","date_gmt":"2021-11-11T22:07:44","guid":{"rendered":"https:\/\/www.avatex.ro\/shop\/?post_type=product&#038;p=28386"},"modified":"2026-01-26T00:01:12","modified_gmt":"2026-01-25T22:01:12","slug":"halat-de-baie-velur-100-bumbac-motif-collection-lux","status":"publish","type":"product","link":"https:\/\/www.avatex.ro\/shop\/produs\/halat-de-baie-velur-100-bumbac-motif-collection-lux\/","title":{"rendered":"Halat de baie velur 100% bumbac Motif Collection &#8211; LUX"},"content":{"rendered":"","protected":false},"excerpt":{"rendered":"<div class=\"innerShortcode\">\n<div class=\"innerContent\">\n<div>\n<p>Colec\u021bia noastr\u0103 de halate de baie brodate Motif este din 100% bumbac de o calitate PREMIUM.<\/p>\n<p>Halatele sunt din velur moale, au o <strong>greutate de 450 gr\/mp<\/strong>, absorb foarte bine apa de pe piele \u0219i sunt u\u0219or de \u00eentre\u021binut.<\/p>\n<p>Ai posibilitatea s\u0103 dai o not\u0103 personal\u0103 halatului aleg\u00e2nd culoarea broderiei care \u021bi se potrive\u0219te cel mai bine.<\/p>\n<p>Culoarea broderiei este gri dar dac\u0103 dore\u0219ti alta po\u021bi specifica acest lucru \u00een men\u021biunea comenzii.<\/p>\n<div class=\"\" data-block=\"true\" data-editor=\"1beus\" data-offset-key=\"69gin-0-0\">\n<div class=\"_1mf _1mj\" data-offset-key=\"69gin-0-0\"><span data-offset-key=\"69gin-0-0\">M\u0103rime dam\u0103 : lungime 117, umeri 57cm<\/span><\/div>\n<\/div>\n<div class=\"\" data-block=\"true\" data-editor=\"1beus\" data-offset-key=\"stan-0-0\">\n<div class=\"_1mf _1mj\" data-offset-key=\"stan-0-0\"><span data-offset-key=\"stan-0-0\">M\u0103rime b\u0103rbat: lungime 119, umeri 59<\/span><\/div>\n<\/div>\n<div class=\"\" data-block=\"true\" data-editor=\"1beus\" data-offset-key=\"de2ph-0-0\">\n<div class=\"_1mf _1mj\" data-offset-key=\"de2ph-0-0\"><span data-offset-key=\"de2ph-0-0\">M\u0103rime XXL: lungime 121, umeri 66<\/span><\/div>\n<\/div>\n<\/div>\n<\/div>\n<\/div>\n","protected":false},"featured_media":28387,"comment_status":"open","ping_status":"closed","template":"","meta":[],"product_brand":[],"product_cat":[231,60,94,81],"product_tag":[],"class_list":{"0":"post-28386","1":"product","2":"type-product","3":"status-publish","4":"has-post-thumbnail","6":"product_cat-halate-adulti","7":"product_cat-halate-de-baie","8":"product_cat-embroidery-halate-baie","9":"product_cat-produse-high-luxury-embroidery","10":"product_shipping_class-halat-de-baie","12":"first","13":"instock","14":"sale","15":"taxable","16":"shipping-taxable","17":"purchasable","18":"product-type-simple"},"_links":{"self":[{"href":"https:\/\/www.avatex.ro\/shop\/wp-json\/wp\/v2\/product\/28386"}],"collection":[{"href":"https:\/\/www.avatex.ro\/shop\/wp-json\/wp\/v2\/product"}],"about":[{"href":"https:\/\/www.avatex.ro\/shop\/wp-json\/wp\/v2\/types\/product"}],"replies":[{"embeddable":true,"href":"https:\/\/www.avatex.ro\/shop\/wp-json\/wp\/v2\/comments?post=28386"}],"wp:featuredmedia":[{"embeddable":true,"href":"https:\/\/www.avatex.ro\/shop\/wp-json\/wp\/v2\/media\/28387"}],"wp:attachment":[{"href":"https:\/\/www.avatex.ro\/shop\/wp-json\/wp\/v2\/media?parent=28386"}],"wp:term":[{"taxonomy":"product_brand","embeddable":true,"href":"https:\/\/www.avatex.ro\/shop\/wp-json\/wp\/v2\/product_brand?post=28386"},{"taxonomy":"product_cat","embeddable":true,"href":"https:\/\/www.avatex.ro\/shop\/wp-json\/wp\/v2\/product_cat?post=28386"},{"taxonomy":"product_tag","embeddable":true,"href":"https:\/\/www.avatex.ro\/shop\/wp-json\/wp\/v2\/product_tag?post=28386"}],"curies":[{"name":"wp","href":"https:\/\/api.w.org\/{rel}","templated":true}]}}