{"id":26930,"date":"2021-08-05T16:37:05","date_gmt":"2021-08-05T13:37:05","guid":{"rendered":"https:\/\/www.avatex.ro\/shop\/?post_type=product&#038;p=26930"},"modified":"2025-11-07T18:21:55","modified_gmt":"2025-11-07T16:21:55","slug":"protectie-de-saltea-100-impermeabila-premium","status":"publish","type":"product","link":"https:\/\/www.avatex.ro\/shop\/produs\/protectie-de-saltea-100-impermeabila-premium\/","title":{"rendered":"Alez\u0103\/Protec\u021bie de saltea 100% impermeabil\u0103 PREMIUM"},"content":{"rendered":"","protected":false},"excerpt":{"rendered":"<p>Saltelu\u021ba de protec\u021bie este 100% impermeabil\u0103 &#8211; respinge toate lichidele, inclusiv fluide corporale, transpira\u021bie, urin\u0103 \u0219i devers\u0103ri accidentale. Inhib\u0103 acarienii \u0219i bacteriile cauzatoare de alergii care tr\u0103iesc \u00een saltea &#8211; sigur pentru copii \u0219i animale de companie &#8211; lavabil\u0103.<br \/>\nProdusul dispune de 4 bretele lungi elastice la fiecare col\u021b concepute pentru a se potrivi cu saltele de p\u00e2n\u0103 la 30cm \u00een\u0103l\u021bime.<br \/>\nDesignul ultra-sub\u021bire din poliester laminat\u0103 cu o folie de poliuretan impermeabil\u0103 \u0219i respirabil\u0103 asigur\u0103 un somn confortabil.<\/p>\n","protected":false},"featured_media":37686,"comment_status":"open","ping_status":"closed","template":"","meta":[],"product_brand":[],"product_cat":[69,105],"product_tag":[],"class_list":{"0":"post-26930","1":"product","2":"type-product","3":"status-publish","4":"has-post-thumbnail","6":"product_cat-pilote-puf-de-gasca","7":"product_cat-salteluta-de-protectie","8":"product_shipping_class-fete-de-masa","10":"first","11":"instock","12":"sale","13":"taxable","14":"shipping-taxable","15":"purchasable","16":"product-type-variable"},"_links":{"self":[{"href":"https:\/\/www.avatex.ro\/shop\/wp-json\/wp\/v2\/product\/26930"}],"collection":[{"href":"https:\/\/www.avatex.ro\/shop\/wp-json\/wp\/v2\/product"}],"about":[{"href":"https:\/\/www.avatex.ro\/shop\/wp-json\/wp\/v2\/types\/product"}],"replies":[{"embeddable":true,"href":"https:\/\/www.avatex.ro\/shop\/wp-json\/wp\/v2\/comments?post=26930"}],"wp:featuredmedia":[{"embeddable":true,"href":"https:\/\/www.avatex.ro\/shop\/wp-json\/wp\/v2\/media\/37686"}],"wp:attachment":[{"href":"https:\/\/www.avatex.ro\/shop\/wp-json\/wp\/v2\/media?parent=26930"}],"wp:term":[{"taxonomy":"product_brand","embeddable":true,"href":"https:\/\/www.avatex.ro\/shop\/wp-json\/wp\/v2\/product_brand?post=26930"},{"taxonomy":"product_cat","embeddable":true,"href":"https:\/\/www.avatex.ro\/shop\/wp-json\/wp\/v2\/product_cat?post=26930"},{"taxonomy":"product_tag","embeddable":true,"href":"https:\/\/www.avatex.ro\/shop\/wp-json\/wp\/v2\/product_tag?post=26930"}],"curies":[{"name":"wp","href":"https:\/\/api.w.org\/{rel}","templated":true}]}}