{"id":26911,"date":"2021-08-04T20:14:38","date_gmt":"2021-08-04T17:14:38","guid":{"rendered":"https:\/\/www.avatex.ro\/shop\/?post_type=product&#038;p=26911"},"modified":"2025-09-12T22:47:18","modified_gmt":"2025-09-12T19:47:18","slug":"set-de-2-huse-de-perna-impermeabile-invelis-percale-233tc-100-bumbac-70x70cm","status":"publish","type":"product","link":"https:\/\/www.avatex.ro\/shop\/produs\/set-de-2-huse-de-perna-impermeabile-invelis-percale-233tc-100-bumbac-70x70cm\/","title":{"rendered":"Set de 2 huse de protec\u021bie pern\u0103, impermeabile, 70x70cm"},"content":{"rendered":"","protected":false},"excerpt":{"rendered":"<p>Pernele distruse sunt un lucru al trecutului: protec\u021biile noastre pentru fe\u021be de pern\u0103 sunt <strong>100% impermeabile<\/strong>, protej\u00e2nd \u00eempotriva fluidelor corporale, a transpira\u021biei \u0219i a altor amenin\u021b\u0103ri lichide. Protectoarele de pern\u0103 sunt, de asemenea, lavabile \u00een ma\u0219in\u0103, \u00een condi\u021bii de sp\u0103lare optim\u0103 chiar \u0219i la temperaturi reduse.<\/p>\n<p>Husa se spal\u0103 u\u00c5\u0178or \u0219i se scoate cu ajutorul fermoarului. Protectia de pern\u0103 este recomandat\u0103 \u0219i hotelurilor \u0219i pensiunilor.<\/p>\n","protected":false},"featured_media":26910,"comment_status":"open","ping_status":"closed","template":"","meta":[],"product_brand":[],"product_cat":[106,69],"product_tag":[103,104],"class_list":{"0":"post-26911","1":"product","2":"type-product","3":"status-publish","4":"has-post-thumbnail","6":"product_cat-huse-de-perna","7":"product_cat-pilote-puf-de-gasca","8":"product_tag-huse-de-perna","9":"product_tag-protectie-perna","10":"product_shipping_class-fete-de-masa","12":"first","13":"instock","14":"sale","15":"taxable","16":"shipping-taxable","17":"purchasable","18":"product-type-simple"},"_links":{"self":[{"href":"https:\/\/www.avatex.ro\/shop\/wp-json\/wp\/v2\/product\/26911"}],"collection":[{"href":"https:\/\/www.avatex.ro\/shop\/wp-json\/wp\/v2\/product"}],"about":[{"href":"https:\/\/www.avatex.ro\/shop\/wp-json\/wp\/v2\/types\/product"}],"replies":[{"embeddable":true,"href":"https:\/\/www.avatex.ro\/shop\/wp-json\/wp\/v2\/comments?post=26911"}],"wp:featuredmedia":[{"embeddable":true,"href":"https:\/\/www.avatex.ro\/shop\/wp-json\/wp\/v2\/media\/26910"}],"wp:attachment":[{"href":"https:\/\/www.avatex.ro\/shop\/wp-json\/wp\/v2\/media?parent=26911"}],"wp:term":[{"taxonomy":"product_brand","embeddable":true,"href":"https:\/\/www.avatex.ro\/shop\/wp-json\/wp\/v2\/product_brand?post=26911"},{"taxonomy":"product_cat","embeddable":true,"href":"https:\/\/www.avatex.ro\/shop\/wp-json\/wp\/v2\/product_cat?post=26911"},{"taxonomy":"product_tag","embeddable":true,"href":"https:\/\/www.avatex.ro\/shop\/wp-json\/wp\/v2\/product_tag?post=26911"}],"curies":[{"name":"wp","href":"https:\/\/api.w.org\/{rel}","templated":true}]}}