{"id":25914,"date":"2021-05-11T13:41:05","date_gmt":"2021-05-11T10:41:05","guid":{"rendered":"https:\/\/www.avatex.ro\/shop\/?post_type=product&#038;p=25914"},"modified":"2025-01-20T00:44:41","modified_gmt":"2025-01-19T22:44:41","slug":"lenjerie-de-pat-matrimoniala-san-damien-collection-circles-luxury-embroidery-6-piese-auriu-antracit","status":"publish","type":"product","link":"https:\/\/www.avatex.ro\/shop\/produs\/lenjerie-de-pat-matrimoniala-san-damien-collection-circles-luxury-embroidery-6-piese-auriu-antracit\/","title":{"rendered":"Lenjerie de pat matrimonial\u0103 San Dami\u00e8n Collection &#8211; Circles Luxury Embroidery (6 piese)"},"content":{"rendered":"<p><\/p>\n<p><strong>Tip material<\/strong><\/p>\n<p>Saten Luxury 100% bumbac satinat, mercerizat si sanforizat.<\/p>\n<p>Culoare material: alb.<\/p>\n<p>Poza este cu titlu de prezentare, setul de lenjerie con\u021bine cearsaf pat, cearsat pilot\u0103 \u0219i 4 fe\u021be de pern\u0103 50x70cm.<\/p>\n<p><strong>Dimensiune<\/strong>:<\/p>\n<div class=\"shortcode-unorderedlist tick\">\n<ul>\n<li>cearceaf pat: 295 x 275 cm<\/li>\n<li>cearceaf pilot\u0103: 200 x 220 cm<\/li>\n<li>4 fe\u021be de pern\u0103 brodate: 50 x 70 cm<\/li>\n<\/ul>\n<\/div>\n<p><strong>Instructiuni de folosire:<\/strong><\/p>\n<div class=\"shortcode-unorderedlist green-dot\">\n<ul>\n<li>Temperatura de sp\u0103lare recomandat\u0103 este 60\u00b0C.\u00a0 Dac\u0103 culoarea broderiei pentru care ai optat este \u00eenchis\u0103 este recomandat\u0103 sp\u0103larea la 40 de grade .<\/li>\n<li>Nu se foloseste clor<\/li>\n<li>Se calca la temperatura maxima a talpii fierului de calcat: 130\u00b0C<\/li>\n<li>Nu se poate cur\u0103\u021ba chimic<\/li>\n<\/ul>\n<\/div>\n<p><\/p>\n","protected":false},"excerpt":{"rendered":"<p>Dispun\u00e2nd de un design format dintr-un lan\u021b dublu brodat pe cear\u0219aful pilot\u0103 \u0219i fe\u021bele de pern\u0103, lenjeria de pat Circles Embroidery aduce elegan\u021b\u0103 oric\u0103rui dormitor principal sau de oaspe\u021bi.<\/p>\n<p>Ambalajul modern \u00eentrege\u0219te aspectul luxos al acestui set, f\u0103c\u00e2ndu-l alegerea ideal\u0103 pentru utilizare personal\u0103 sau cadou.<\/p>\n","protected":false},"featured_media":25913,"comment_status":"open","ping_status":"closed","template":"","meta":[],"product_brand":[],"product_cat":[114,56,91,81],"product_tag":[83,82],"class_list":{"0":"post-25914","1":"product","2":"type-product","3":"status-publish","4":"has-post-thumbnail","6":"product_cat-lenjerii-albe","7":"product_cat-lenjerii-de-pat","8":"product_cat-embroidery-lenjerii-pat","9":"product_cat-produse-high-luxury-embroidery","10":"product_tag-embroidery-luxury","11":"product_tag-lenjerii-high-class","12":"product_shipping_class-lenjerie","14":"first","15":"instock","16":"sale","17":"taxable","18":"shipping-taxable","19":"purchasable","20":"product-type-variable","21":"has-default-attributes"},"_links":{"self":[{"href":"https:\/\/www.avatex.ro\/shop\/wp-json\/wp\/v2\/product\/25914"}],"collection":[{"href":"https:\/\/www.avatex.ro\/shop\/wp-json\/wp\/v2\/product"}],"about":[{"href":"https:\/\/www.avatex.ro\/shop\/wp-json\/wp\/v2\/types\/product"}],"replies":[{"embeddable":true,"href":"https:\/\/www.avatex.ro\/shop\/wp-json\/wp\/v2\/comments?post=25914"}],"wp:featuredmedia":[{"embeddable":true,"href":"https:\/\/www.avatex.ro\/shop\/wp-json\/wp\/v2\/media\/25913"}],"wp:attachment":[{"href":"https:\/\/www.avatex.ro\/shop\/wp-json\/wp\/v2\/media?parent=25914"}],"wp:term":[{"taxonomy":"product_brand","embeddable":true,"href":"https:\/\/www.avatex.ro\/shop\/wp-json\/wp\/v2\/product_brand?post=25914"},{"taxonomy":"product_cat","embeddable":true,"href":"https:\/\/www.avatex.ro\/shop\/wp-json\/wp\/v2\/product_cat?post=25914"},{"taxonomy":"product_tag","embeddable":true,"href":"https:\/\/www.avatex.ro\/shop\/wp-json\/wp\/v2\/product_tag?post=25914"}],"curies":[{"name":"wp","href":"https:\/\/api.w.org\/{rel}","templated":true}]}}