{"id":25500,"date":"2021-04-10T13:28:17","date_gmt":"2021-04-10T10:28:17","guid":{"rendered":"https:\/\/www.avatex.ro\/shop\/?post_type=product&#038;p=25500"},"modified":"2025-09-12T22:47:18","modified_gmt":"2025-09-12T19:47:18","slug":"set-2-naproane-nera-35x50cm-100-bumbac","status":"publish","type":"product","link":"https:\/\/www.avatex.ro\/shop\/produs\/set-2-naproane-nera-35x50cm-100-bumbac\/","title":{"rendered":"Set 2 Naproane de mas\u0103, placemats, Eveline Luxury Embroidery 35x50cm"},"content":{"rendered":"","protected":false},"excerpt":{"rendered":"<p>Luarea mesei este unul dintre cele mai pre\u021bioase momente pe care le \u00eempar\u021bi cu cei dragi.<\/p>\n<p>\u00cenfrumuse\u021beaz\u0103 acest moment aleg\u00e2nd setul de 2 naproane de culoare crem 100% bumbac ideale pentru masa din buc\u0103tarie sau pentru mesele festive al\u0103turi de cei dragi.<\/p>\n<p>Setul con\u021bine 2 naproane brodate 100% bumbac 35&#215;50 cm.<\/p>\n","protected":false},"featured_media":20306,"comment_status":"open","ping_status":"closed","template":"","meta":[],"product_brand":[],"product_cat":[98,81,79],"product_tag":[102,101],"class_list":{"0":"post-25500","1":"product","2":"type-product","3":"status-publish","4":"has-post-thumbnail","6":"product_cat-fete-de-masa-produse-high-luxury-embroidery","7":"product_cat-produse-high-luxury-embroidery","8":"product_cat-fete-de-masa","9":"product_tag-fete-de-masa","10":"product_tag-naproane","11":"product_shipping_class-fete-de-masa","13":"first","14":"instock","15":"sale","16":"taxable","17":"shipping-taxable","18":"purchasable","19":"product-type-variable","20":"has-default-attributes"},"_links":{"self":[{"href":"https:\/\/www.avatex.ro\/shop\/wp-json\/wp\/v2\/product\/25500"}],"collection":[{"href":"https:\/\/www.avatex.ro\/shop\/wp-json\/wp\/v2\/product"}],"about":[{"href":"https:\/\/www.avatex.ro\/shop\/wp-json\/wp\/v2\/types\/product"}],"replies":[{"embeddable":true,"href":"https:\/\/www.avatex.ro\/shop\/wp-json\/wp\/v2\/comments?post=25500"}],"wp:featuredmedia":[{"embeddable":true,"href":"https:\/\/www.avatex.ro\/shop\/wp-json\/wp\/v2\/media\/20306"}],"wp:attachment":[{"href":"https:\/\/www.avatex.ro\/shop\/wp-json\/wp\/v2\/media?parent=25500"}],"wp:term":[{"taxonomy":"product_brand","embeddable":true,"href":"https:\/\/www.avatex.ro\/shop\/wp-json\/wp\/v2\/product_brand?post=25500"},{"taxonomy":"product_cat","embeddable":true,"href":"https:\/\/www.avatex.ro\/shop\/wp-json\/wp\/v2\/product_cat?post=25500"},{"taxonomy":"product_tag","embeddable":true,"href":"https:\/\/www.avatex.ro\/shop\/wp-json\/wp\/v2\/product_tag?post=25500"}],"curies":[{"name":"wp","href":"https:\/\/api.w.org\/{rel}","templated":true}]}}