{"id":23150,"date":"2020-11-11T21:41:51","date_gmt":"2020-11-11T19:41:51","guid":{"rendered":"https:\/\/www.avatex.ro\/shop\/?post_type=product&#038;p=23150"},"modified":"2025-10-02T13:36:19","modified_gmt":"2025-10-02T10:36:19","slug":"lenjerie-de-pat-matrimoniala-luxury-embroidery-haremlique","status":"publish","type":"product","link":"https:\/\/www.avatex.ro\/shop\/produs\/lenjerie-de-pat-matrimoniala-luxury-embroidery-haremlique\/","title":{"rendered":"Lenjerie de pat matrimoniala Luxury Embroidery &#8211; Haremlique"},"content":{"rendered":"<p><\/p>\n<p><strong>Tip material:<\/strong> Saten Luxury 100% bumbac satinat, mercerizat si sanforizat.<\/p>\n<p><strong>Dimensiune<\/strong>:<\/p>\n<div class=\"shortcode-unorderedlist tick\">\n<ul>\n<li>cearceaf pat: 275 x 275 cm<\/li>\n<li>cearceaf pilot\u0103: 200 x 220 cm<\/li>\n<li>4 fe\u021be de pern\u0103 brodate: 50 x 70 cm<\/li>\n<\/ul>\n<\/div>\n<p><strong>Instructiuni de folosire:<\/strong><\/p>\n<div class=\"shortcode-unorderedlist green-dot\">\n<ul>\n<li>Temperatura de sp\u0103lare recomandat\u0103 este 60\u00b0C.<\/li>\n<li>Nu se foloseste clor<\/li>\n<li>Se calca la temperatura maxima a talpii fierului de calcat: 130\u00b0C<\/li>\n<li>Nu se poate cur\u0103\u021ba chimic<\/li>\n<\/ul>\n<\/div>\n<p><\/p>\n","protected":false},"excerpt":{"rendered":"<p>Colec\u021bia Haremlique se inspir\u0103 din designul elegant otoman, av\u00e2nd la baz\u0103 un motiv ornamental brodat format din dou\u0103 linii curbe \u021besute \u00een interior \u0219i \u00een exterior, pentru o margine cu efect \u00eencruci\u0219at.<\/p>\n<p>Realizat\u0103 impecabil din bumbac de cea mai bun\u0103 calitate, cu design simplu ce confer\u0103 lux minimalist oric\u0103rui dormitor, relev\u0103 puterea materialelor somptuoase \u0219i ale detaliilor simpliste.<\/p>\n<p>Tip material: Saten Luxury 100% bumbac.<\/p>\n","protected":false},"featured_media":23154,"comment_status":"open","ping_status":"closed","template":"","meta":[],"product_brand":[],"product_cat":[56,91,81],"product_tag":[83,90],"class_list":{"0":"post-23150","1":"product","2":"type-product","3":"status-publish","4":"has-post-thumbnail","6":"product_cat-lenjerii-de-pat","7":"product_cat-embroidery-lenjerii-pat","8":"product_cat-produse-high-luxury-embroidery","9":"product_tag-embroidery-luxury","10":"product_tag-fete-de-perna","11":"product_shipping_class-lenjerie","13":"first","14":"instock","15":"sale","16":"taxable","17":"shipping-taxable","18":"purchasable","19":"product-type-variable","20":"has-default-attributes"},"_links":{"self":[{"href":"https:\/\/www.avatex.ro\/shop\/wp-json\/wp\/v2\/product\/23150"}],"collection":[{"href":"https:\/\/www.avatex.ro\/shop\/wp-json\/wp\/v2\/product"}],"about":[{"href":"https:\/\/www.avatex.ro\/shop\/wp-json\/wp\/v2\/types\/product"}],"replies":[{"embeddable":true,"href":"https:\/\/www.avatex.ro\/shop\/wp-json\/wp\/v2\/comments?post=23150"}],"wp:featuredmedia":[{"embeddable":true,"href":"https:\/\/www.avatex.ro\/shop\/wp-json\/wp\/v2\/media\/23154"}],"wp:attachment":[{"href":"https:\/\/www.avatex.ro\/shop\/wp-json\/wp\/v2\/media?parent=23150"}],"wp:term":[{"taxonomy":"product_brand","embeddable":true,"href":"https:\/\/www.avatex.ro\/shop\/wp-json\/wp\/v2\/product_brand?post=23150"},{"taxonomy":"product_cat","embeddable":true,"href":"https:\/\/www.avatex.ro\/shop\/wp-json\/wp\/v2\/product_cat?post=23150"},{"taxonomy":"product_tag","embeddable":true,"href":"https:\/\/www.avatex.ro\/shop\/wp-json\/wp\/v2\/product_tag?post=23150"}],"curies":[{"name":"wp","href":"https:\/\/api.w.org\/{rel}","templated":true}]}}