{"id":23056,"date":"2020-11-07T16:23:31","date_gmt":"2020-11-07T14:23:31","guid":{"rendered":"https:\/\/www.avatex.ro\/shop\/?post_type=product&#038;p=23056"},"modified":"2025-10-02T13:32:28","modified_gmt":"2025-10-02T10:32:28","slug":"set-2-fete-de-perna-luxury-embroidery-50x70cm-haremlique","status":"publish","type":"product","link":"https:\/\/www.avatex.ro\/shop\/produs\/set-2-fete-de-perna-luxury-embroidery-50x70cm-haremlique\/","title":{"rendered":"Set 2 Fete de perna Luxury Embroidery 50x70cm &#8211; Haremlique"},"content":{"rendered":"<p><\/p>\n<p><strong>Tip material: Percale PREMIUM 100% bumbac satinat.<\/strong><br \/>\n<strong>Culoare: Alb<\/strong><br \/>\n<strong>Dimensiune: set 2 bucati 50&#215;70 cm<\/strong><\/p>\n<p><strong>Instructiuni de folosire:<\/strong><\/p>\n<div class=\"shortcode-unorderedlist green-dot\">\n<ul>\n<li>Temperatura de sp\u0103lare recomandat\u0103 este 60\u00b0C.<\/li>\n<li>Nu se foloseste clor<\/li>\n<li>Se calca la temperatura maxima a talpii fierului de calcat: 130\u00b0C<\/li>\n<li>Nu se poate cur\u0103\u021ba chimic<\/li>\n<\/ul>\n<\/div>\n<p><\/p>\n","protected":false},"excerpt":{"rendered":"<p>Colec\u021bia Haremlique se inspir\u0103 din designele elegante otomane, fiind conceput\u0103 special pentru a crea acest motiv ornamental brodat format din dou\u0103 linii curbe \u021besute \u00een interior \u0219i \u00een exterior pentru o margine cu efect \u00eencruci\u0219at.<\/p>\n<p>Realizat\u0103 impecabil din bumbac de cea mai bun\u0103 calitate, cu design simplu ce confer\u0103 lux minimalist oric\u0103rui dormitor &#8211; relev\u00e2nd puterea materialelor somptuoase \u0219i ale detaliilor simpliste.<\/p>\n<p>Broderia este acestor fe\u021be de pern\u0103 este cu adev\u0103rat una deosebit\u0103, necesit\u0103 un timp de realizare ridicat \u0219i \u00eei va conferi dormitorului un aspect cu totul aparte.<\/p>\n","protected":false},"featured_media":23062,"comment_status":"open","ping_status":"closed","template":"","meta":[],"product_brand":[],"product_cat":[93,56,81,119],"product_tag":[83,90],"class_list":{"0":"post-23056","1":"product","2":"type-product","3":"status-publish","4":"has-post-thumbnail","6":"product_cat-embroidery-fete-de-perna","7":"product_cat-lenjerii-de-pat","8":"product_cat-produse-high-luxury-embroidery","9":"product_cat-fete-de-perna","10":"product_tag-embroidery-luxury","11":"product_tag-fete-de-perna","12":"product_shipping_class-lenjerie","14":"first","15":"instock","16":"sale","17":"taxable","18":"shipping-taxable","19":"purchasable","20":"product-type-variable","21":"has-default-attributes"},"_links":{"self":[{"href":"https:\/\/www.avatex.ro\/shop\/wp-json\/wp\/v2\/product\/23056"}],"collection":[{"href":"https:\/\/www.avatex.ro\/shop\/wp-json\/wp\/v2\/product"}],"about":[{"href":"https:\/\/www.avatex.ro\/shop\/wp-json\/wp\/v2\/types\/product"}],"replies":[{"embeddable":true,"href":"https:\/\/www.avatex.ro\/shop\/wp-json\/wp\/v2\/comments?post=23056"}],"wp:featuredmedia":[{"embeddable":true,"href":"https:\/\/www.avatex.ro\/shop\/wp-json\/wp\/v2\/media\/23062"}],"wp:attachment":[{"href":"https:\/\/www.avatex.ro\/shop\/wp-json\/wp\/v2\/media?parent=23056"}],"wp:term":[{"taxonomy":"product_brand","embeddable":true,"href":"https:\/\/www.avatex.ro\/shop\/wp-json\/wp\/v2\/product_brand?post=23056"},{"taxonomy":"product_cat","embeddable":true,"href":"https:\/\/www.avatex.ro\/shop\/wp-json\/wp\/v2\/product_cat?post=23056"},{"taxonomy":"product_tag","embeddable":true,"href":"https:\/\/www.avatex.ro\/shop\/wp-json\/wp\/v2\/product_tag?post=23056"}],"curies":[{"name":"wp","href":"https:\/\/api.w.org\/{rel}","templated":true}]}}