{"id":23020,"date":"2020-11-05T21:57:02","date_gmt":"2020-11-05T19:57:02","guid":{"rendered":"https:\/\/www.avatex.ro\/shop\/?post_type=product&#038;p=23020"},"modified":"2025-09-12T22:47:34","modified_gmt":"2025-09-12T19:47:34","slug":"set-2-fete-de-perna-percale-premium","status":"publish","type":"product","link":"https:\/\/www.avatex.ro\/shop\/produs\/set-2-fete-de-perna-percale-premium\/","title":{"rendered":"Set 2 Fete de perna Percale PREMIUM"},"content":{"rendered":"","protected":false},"excerpt":{"rendered":"<p>Elegante \u0219i durabile, fe\u021bele de pern\u0103 se potrivesc perfect cu lenjeria din Percale de pe site-ul nostru, fiind din acela\u0219i material. Fie c\u0103 stilul t\u0103u personal este unul minimalist sau \u00eendr\u0103zne\u021b, un dormitor \u00e2\u20ac\u0153all-white\u00e2\u20ac\u009d induce o stare de lini\u0219te \u0219i confort.<\/p>\n<p>Visele pl\u0103cute \u0219i somnul odihitor sunt garantate cu aceste fe\u021be de pern\u0103 moi \u0219i luxoase.<\/p>\n","protected":false},"featured_media":23023,"comment_status":"open","ping_status":"closed","template":"","meta":[],"product_brand":[],"product_cat":[56,119],"product_tag":[90],"class_list":{"0":"post-23020","1":"product","2":"type-product","3":"status-publish","4":"has-post-thumbnail","6":"product_cat-lenjerii-de-pat","7":"product_cat-fete-de-perna","8":"product_tag-fete-de-perna","9":"product_shipping_class-lenjerie","11":"first","12":"instock","13":"sale","14":"taxable","15":"shipping-taxable","16":"purchasable","17":"product-type-variable","18":"has-default-attributes"},"_links":{"self":[{"href":"https:\/\/www.avatex.ro\/shop\/wp-json\/wp\/v2\/product\/23020"}],"collection":[{"href":"https:\/\/www.avatex.ro\/shop\/wp-json\/wp\/v2\/product"}],"about":[{"href":"https:\/\/www.avatex.ro\/shop\/wp-json\/wp\/v2\/types\/product"}],"replies":[{"embeddable":true,"href":"https:\/\/www.avatex.ro\/shop\/wp-json\/wp\/v2\/comments?post=23020"}],"wp:featuredmedia":[{"embeddable":true,"href":"https:\/\/www.avatex.ro\/shop\/wp-json\/wp\/v2\/media\/23023"}],"wp:attachment":[{"href":"https:\/\/www.avatex.ro\/shop\/wp-json\/wp\/v2\/media?parent=23020"}],"wp:term":[{"taxonomy":"product_brand","embeddable":true,"href":"https:\/\/www.avatex.ro\/shop\/wp-json\/wp\/v2\/product_brand?post=23020"},{"taxonomy":"product_cat","embeddable":true,"href":"https:\/\/www.avatex.ro\/shop\/wp-json\/wp\/v2\/product_cat?post=23020"},{"taxonomy":"product_tag","embeddable":true,"href":"https:\/\/www.avatex.ro\/shop\/wp-json\/wp\/v2\/product_tag?post=23020"}],"curies":[{"name":"wp","href":"https:\/\/api.w.org\/{rel}","templated":true}]}}