{"id":22941,"date":"2020-11-01T21:06:18","date_gmt":"2020-11-01T19:06:18","guid":{"rendered":"https:\/\/www.avatex.ro\/shop\/?post_type=product&#038;p=22941"},"modified":"2025-09-12T22:47:34","modified_gmt":"2025-09-12T19:47:34","slug":"set-de-2-covorase-de-baie-cu-talpi-greek-50x70cm-700gr-mp","status":"publish","type":"product","link":"https:\/\/www.avatex.ro\/shop\/produs\/set-de-2-covorase-de-baie-cu-talpi-greek-50x70cm-700gr-mp\/","title":{"rendered":"Set 2 Covorase de baie, model Greek 50x70cm, 750gr\/mp"},"content":{"rendered":"<p><\/p>\n<p>Covora\u0219ele hoteliere albe eman\u0103 calitate \u0219i elegan\u021b\u0103 iar firul dublu 20\/2 coroborat cu greutatea peste medie de 750 gr\/mp fac ca acestea s\u0103 fie moi, confortabile \u0219i s\u0103 absoarb\u0103 foarte bine apa.<\/p>\n<p>Dac\u0103 dore\u0219ti un produs de calitate, rezistent la sp\u0103l\u0103ri repetate \u0219i la temperaturi \u00eenalte atunci nu ezita s\u0103 comanzi acest produs!<\/p>\n<p>Descriere produse:<\/p>\n<p>100% bumbac, culoare alb<br \/>\ngreutate 750 gr\/mp \u00b15%, model cu t\u0103lpi<br \/>\ntemperatura de sp\u0103lare la 90 grade<br \/>\nfir dublu 20\/2<br \/>\nDimensiunile: 50 x 70 cm<\/p>\n<p>Instruc\u021biuni de folosire:<\/p>\n<p>Temperatura maxim\u0103 de sp\u0103lare 90\u00b0C<\/p>\n<p><\/p>\n","protected":false},"excerpt":{"rendered":"<p>Imagineaz\u0103-\u021bi c\u0103 intri \u00een baia unui hotel sau a unei pensiuni \u0219i ai s\u0103 vezi un prosop de corp pe podea, deloc impresionat. Covora\u0219ele de baie pot fi folosite acas\u0103 dac\u0103 dore\u0219ti acel lux de 5 stele.<\/p>\n<p>Sunt confec\u021bionate din 100% bumbac cardat, ceea ce le face foarte moi iar greutatea de 750gr\/mp le face absorbante.<\/p>\n<p>Ideale pentru orice tip de baie, decora\u021biunea cu bordur\u0103 Greek pe margini \u0219i dou\u0103 t\u0103lpi pe centru le confer\u0103 un look luxos.<\/p>\n","protected":false},"featured_media":22944,"comment_status":"open","ping_status":"closed","template":"","meta":[],"product_brand":[],"product_cat":[121,59],"product_tag":[],"class_list":{"0":"post-22941","1":"product","2":"type-product","3":"status-publish","4":"has-post-thumbnail","6":"product_cat-prosoape-albe","7":"product_cat-prosoape-de-baie","8":"product_shipping_class-prosoape","10":"first","11":"instock","12":"sale","13":"taxable","14":"shipping-taxable","15":"purchasable","16":"product-type-simple"},"_links":{"self":[{"href":"https:\/\/www.avatex.ro\/shop\/wp-json\/wp\/v2\/product\/22941"}],"collection":[{"href":"https:\/\/www.avatex.ro\/shop\/wp-json\/wp\/v2\/product"}],"about":[{"href":"https:\/\/www.avatex.ro\/shop\/wp-json\/wp\/v2\/types\/product"}],"replies":[{"embeddable":true,"href":"https:\/\/www.avatex.ro\/shop\/wp-json\/wp\/v2\/comments?post=22941"}],"wp:featuredmedia":[{"embeddable":true,"href":"https:\/\/www.avatex.ro\/shop\/wp-json\/wp\/v2\/media\/22944"}],"wp:attachment":[{"href":"https:\/\/www.avatex.ro\/shop\/wp-json\/wp\/v2\/media?parent=22941"}],"wp:term":[{"taxonomy":"product_brand","embeddable":true,"href":"https:\/\/www.avatex.ro\/shop\/wp-json\/wp\/v2\/product_brand?post=22941"},{"taxonomy":"product_cat","embeddable":true,"href":"https:\/\/www.avatex.ro\/shop\/wp-json\/wp\/v2\/product_cat?post=22941"},{"taxonomy":"product_tag","embeddable":true,"href":"https:\/\/www.avatex.ro\/shop\/wp-json\/wp\/v2\/product_tag?post=22941"}],"curies":[{"name":"wp","href":"https:\/\/api.w.org\/{rel}","templated":true}]}}