{"id":22124,"date":"2020-09-13T20:11:08","date_gmt":"2020-09-13T17:11:08","guid":{"rendered":"https:\/\/www.avatex.ro\/shop\/?post_type=product&#038;p=22124"},"modified":"2026-04-06T18:17:58","modified_gmt":"2026-04-06T15:17:58","slug":"set-de-4-prosoape-de-baie-plain-champagne-lux-650gr-mp-extra-soft-touch","status":"publish","type":"product","link":"https:\/\/www.avatex.ro\/shop\/produs\/set-de-4-prosoape-de-baie-plain-champagne-lux-650gr-mp-extra-soft-touch\/","title":{"rendered":"Set de 4 Prosoape de Baie PLAIN Champagne LUX 650gr\/mp &#8211; Extra SOFT Touch"},"content":{"rendered":"<p><\/p>\n<p>Prosoapele pe care noi le oferim spre comercializare sunt destinate industriei hoteliere. Dac\u0103 dore\u0219ti un produs brodat de o calitate de LUX, 100% bumbac, rezistent la sp\u0103l\u0103ri repetate \u0219i la temperaturi \u00eenalte atunci nu ezita s\u0103 comanzi acest produs!<\/p>\n<p>Comand\u00e2nd acest set vei primi 4 prosoape de culoare champagne, greutate 650 gr\/mp Extra SOFT Touch: 2 prosoape de corp 100% bumbac 70&#215;140 cm \u0219i 2 prosoape de fa\u021b\u0103 100% bumbac 50&#215;90 cm.<\/p>\n<p><strong>Descriere\u00a0produse:<\/strong><\/p>\n<div class=\"shortcode-unorderedlist tick\">\n<ul>\n<li>100% bumbac, culoare champagne<\/li>\n<li>greutate 650 gr\/mp LUX (\u00b15%) &#8211; Extra SOFT Touch<\/li>\n<li>temperatura de sp\u0103lare recomandat\u0103 40 grade<\/li>\n<li>fir dublu 20\/2<\/li>\n<\/ul>\n<\/div>\n<p><strong>Dimensiunile\u00a0prosoapelor\u00a0sunt:<\/strong><\/p>\n<div class=\"shortcode-unorderedlist green-dot\">\n<ul>\n<li>corp: 70\u00a0x 140\u00a0cm<\/li>\n<li>fa\u021b\u0103: 50\u00a0x 90\u00a0cm<\/li>\n<\/ul>\n<\/div>\n<p><strong>Instructiuni de folosire:<\/strong><\/p>\n<div class=\"shortcode-unorderedlist green-dot\">\n<ul>\n<li>Temperatura recomandat\u0103 de sp\u0103lare 40\u00b0C<\/li>\n<li>Recomand\u0103m sp\u0103larea produselor \u00eenainte de prima folosire<\/li>\n<\/ul>\n<\/div>\n<p><\/p>\n","protected":false},"excerpt":{"rendered":"<p>R\u0103fa\u021b\u0103-te cu colec\u021bia de prosoape de baie PLAIN Champagne. Moi \u0219i absorbante, aceste prosoape de baie deosebite sunt alegerea perfect\u0103 pentru o baie modern\u0103.<\/p>\n<p>Comand\u00e2nd acest set vei primi 4 prosoape antracit LUX, greutate 650 gr\/mp Extra SOFT Touch:<\/p>\n<ul>\n<li>2 prosoape de corp 100% bumbac 70&#215;140 cm<\/li>\n<li>2 prosoape de fa\u021b\u0103 100% bumbac 50&#215;90 cm<\/li>\n<\/ul>\n<p style=\"text-align: center;\">\n","protected":false},"featured_media":22217,"comment_status":"open","ping_status":"closed","template":"","meta":[],"product_brand":[],"product_cat":[122,59],"product_tag":[86],"class_list":{"0":"post-22124","1":"product","2":"type-product","3":"status-publish","4":"has-post-thumbnail","6":"product_cat-prosoape-colorate","7":"product_cat-prosoape-de-baie","8":"product_tag-prosoape-color","9":"product_shipping_class-prosoape","11":"first","12":"instock","13":"sale","14":"taxable","15":"shipping-taxable","16":"purchasable","17":"product-type-simple"},"_links":{"self":[{"href":"https:\/\/www.avatex.ro\/shop\/wp-json\/wp\/v2\/product\/22124"}],"collection":[{"href":"https:\/\/www.avatex.ro\/shop\/wp-json\/wp\/v2\/product"}],"about":[{"href":"https:\/\/www.avatex.ro\/shop\/wp-json\/wp\/v2\/types\/product"}],"replies":[{"embeddable":true,"href":"https:\/\/www.avatex.ro\/shop\/wp-json\/wp\/v2\/comments?post=22124"}],"wp:featuredmedia":[{"embeddable":true,"href":"https:\/\/www.avatex.ro\/shop\/wp-json\/wp\/v2\/media\/22217"}],"wp:attachment":[{"href":"https:\/\/www.avatex.ro\/shop\/wp-json\/wp\/v2\/media?parent=22124"}],"wp:term":[{"taxonomy":"product_brand","embeddable":true,"href":"https:\/\/www.avatex.ro\/shop\/wp-json\/wp\/v2\/product_brand?post=22124"},{"taxonomy":"product_cat","embeddable":true,"href":"https:\/\/www.avatex.ro\/shop\/wp-json\/wp\/v2\/product_cat?post=22124"},{"taxonomy":"product_tag","embeddable":true,"href":"https:\/\/www.avatex.ro\/shop\/wp-json\/wp\/v2\/product_tag?post=22124"}],"curies":[{"name":"wp","href":"https:\/\/api.w.org\/{rel}","templated":true}]}}