{"id":21693,"date":"2020-08-08T18:08:00","date_gmt":"2020-08-08T15:08:00","guid":{"rendered":"https:\/\/www.avatex.ro\/shop\/?post_type=product&#038;p=21693"},"modified":"2026-01-06T11:47:08","modified_gmt":"2026-01-06T09:47:08","slug":"lenjerie-de-pat-matrimoniala-luxury-embroidery-san-damien-collection-weave-embroidery","status":"publish","type":"product","link":"https:\/\/www.avatex.ro\/shop\/produs\/lenjerie-de-pat-matrimoniala-luxury-embroidery-san-damien-collection-weave-embroidery\/","title":{"rendered":"Lenjerie de pat matrimonial\u0103 San Dami\u00e8n Collection &#8211; Weave Luxury Embroidery (6 piese)"},"content":{"rendered":"<p><\/p>\n<p><strong>Tip material<\/strong><\/p>\n<p>Saten Luxury 100% bumbac satinat, mercerizat si sanforizat.<\/p>\n<p>Culori material disponibile: alb.<\/p>\n<p>Poza este cu titlu de prezentare, setul de lenjerie con\u021bine cearsaf pat, cearsat pilot\u0103 \u0219i 4 fe\u021be de pern\u0103 50x70cm.<\/p>\n<p><strong>Dimensiune<\/strong>:<\/p>\n<div class=\"shortcode-unorderedlist tick\">\n<ul>\n<li>cearceaf pat: 295 x 275 cm<\/li>\n<li>cearceaf pilot\u0103: 200 x 220 cm<\/li>\n<li>4 fe\u021be de pern\u0103 brodate: 50 x 70 cm<\/li>\n<\/ul>\n<\/div>\n<p><strong>Instructiuni de folosire:<\/strong><\/p>\n<div class=\"shortcode-unorderedlist green-dot\">\n<ul>\n<li>Temperatura de sp\u0103lare recomandat\u0103 este 60\u00b0C.\u00a0 Dac\u0103 culoarea broderiei pentru care ai optat este \u00eenchis\u0103 este recomandat\u0103 sp\u0103larea la 40 de grade .<\/li>\n<li>Nu se foloseste clor<\/li>\n<li>Se calca la temperatura maxima a talpii fierului de calcat: 130\u00b0C<\/li>\n<li>Nu se poate cur\u0103\u021ba chimic<\/li>\n<\/ul>\n<\/div>\n<p><\/p>\n","protected":false},"excerpt":{"rendered":"<p>Designul clasic al modelului tip \u021bes\u0103tur\u0103 a fost actualizat pentru a ii oferi lenjeriei o nou\u0103 energie \u0219i un farmec aparte, men\u021bin\u00e2ndu-i aerul sofisticat care a f\u0103cut din acest pattern un favorit timp de secole.<\/p>\n<p>Pentru o potrivire perfect\u0103 cu dormitorul t\u0103u, ai posibilitatea s\u0103 dai o not\u0103 personal\u0103 lenjeriei aleg\u00e2nd culoarea broderiei care \u021bi se potrive\u0219te cel mai bine.<\/p>\n","protected":false},"featured_media":22567,"comment_status":"open","ping_status":"closed","template":"","meta":[],"product_brand":[],"product_cat":[114,56,91,81],"product_tag":[83,82],"class_list":{"0":"post-21693","1":"product","2":"type-product","3":"status-publish","4":"has-post-thumbnail","6":"product_cat-lenjerii-albe","7":"product_cat-lenjerii-de-pat","8":"product_cat-embroidery-lenjerii-pat","9":"product_cat-produse-high-luxury-embroidery","10":"product_tag-embroidery-luxury","11":"product_tag-lenjerii-high-class","12":"product_shipping_class-lenjerie","14":"first","15":"instock","16":"sale","17":"taxable","18":"shipping-taxable","19":"purchasable","20":"product-type-variable","21":"has-default-attributes"},"_links":{"self":[{"href":"https:\/\/www.avatex.ro\/shop\/wp-json\/wp\/v2\/product\/21693"}],"collection":[{"href":"https:\/\/www.avatex.ro\/shop\/wp-json\/wp\/v2\/product"}],"about":[{"href":"https:\/\/www.avatex.ro\/shop\/wp-json\/wp\/v2\/types\/product"}],"replies":[{"embeddable":true,"href":"https:\/\/www.avatex.ro\/shop\/wp-json\/wp\/v2\/comments?post=21693"}],"wp:featuredmedia":[{"embeddable":true,"href":"https:\/\/www.avatex.ro\/shop\/wp-json\/wp\/v2\/media\/22567"}],"wp:attachment":[{"href":"https:\/\/www.avatex.ro\/shop\/wp-json\/wp\/v2\/media?parent=21693"}],"wp:term":[{"taxonomy":"product_brand","embeddable":true,"href":"https:\/\/www.avatex.ro\/shop\/wp-json\/wp\/v2\/product_brand?post=21693"},{"taxonomy":"product_cat","embeddable":true,"href":"https:\/\/www.avatex.ro\/shop\/wp-json\/wp\/v2\/product_cat?post=21693"},{"taxonomy":"product_tag","embeddable":true,"href":"https:\/\/www.avatex.ro\/shop\/wp-json\/wp\/v2\/product_tag?post=21693"}],"curies":[{"name":"wp","href":"https:\/\/api.w.org\/{rel}","templated":true}]}}