{"id":21487,"date":"2020-07-25T15:43:56","date_gmt":"2020-07-25T12:43:56","guid":{"rendered":"https:\/\/www.avatex.ro\/shop\/?post_type=product&#038;p=21487"},"modified":"2025-09-12T22:48:00","modified_gmt":"2025-09-12T19:48:00","slug":"set-de-4-prosoape-de-baie-heart-collection-650gr-mp-lux","status":"publish","type":"product","link":"https:\/\/www.avatex.ro\/shop\/produs\/set-de-4-prosoape-de-baie-heart-collection-650gr-mp-lux\/","title":{"rendered":"Set 4 Prosoape de Baie Heart Collection 650gr\/mp LUX Extra SOFT &#8211; Albe"},"content":{"rendered":"<p><\/p>\n<p>Prosoapele pe care noi le oferim spre comercializare sunt destinate industriei hoteliere. Dac\u0103 dore\u0219ti un produs brodat de o calitate de LUX, 100% bumbac, rezistent la sp\u0103l\u0103ri repetate \u0219i la temperaturi \u00eenalte atunci nu ezita s\u0103 comanzi acest produs!<\/p>\n<p>Comand\u00e2nd acest set vei primi 4 prosoape albe, greutate 650 gr\/mp: 2 prosoape de corp 100% bumbac 70&#215;140 cm \u0219i 2 prosoape de fa\u021b\u0103 100% bumbac 50&#215;90 cm.<\/p>\n<p><strong>Descriere\u00a0produse:<\/strong><\/p>\n<div class=\"shortcode-unorderedlist tick\">\n<ul>\n<li>100% bumbac, culoare alb<\/li>\n<li>greutate 650 gr\/mp, LUX, model broderie Yani Arma<\/li>\n<li>temperatura de sp\u0103lare la 60 grade<\/li>\n<li>fir dublu 20\/2<\/li>\n<\/ul>\n<\/div>\n<p><strong>Dimensiunile\u00a0prosoapelor\u00a0sunt:<\/strong><\/p>\n<div class=\"shortcode-unorderedlist green-dot\">\n<ul>\n<li>corp: 70\u00a0x 140\u00a0cm<\/li>\n<li>fa\u021b\u0103: 50\u00a0x 90\u00a0cm<\/li>\n<\/ul>\n<\/div>\n<p><strong>Instructiuni de folosire:<\/strong><\/p>\n<div class=\"shortcode-unorderedlist green-dot\">\n<ul>\n<li>Temperatura recomandat\u0103 de sp\u0103lare 60\u00b0C<\/li>\n<li>A nu se folosi clor<\/li>\n<li>Recomand\u0103m sp\u0103larea \u00eenainte de prima folosire pentru a \u00eenl\u0103tura toate urmele r\u0103mase \u00een urma procesului de brodat<\/li>\n<\/ul>\n<\/div>\n<p><\/p>\n","protected":false},"excerpt":{"rendered":"<p>Ofer\u0103-i b\u0103ii tale un aspect modern \u0219i unic cu aceste prosoape cu designul brodat Heart Collection.<\/p>\n<p>Greutatea de 650 gr\/mp \u0219i compozi\u021bia 100% bumbac fac ca acestea s\u0103 fie moi, confortabile \u0219i s\u0103 absoarb\u0103 foarte bine apa de pe piele.<\/p>\n<p>Comand\u00e2nd acest set vei primi 4 prosoape albe LUX, modelul cu broderie Heart Collection, greutate 650 gr\/mp:<\/p>\n<ul>\n<li>2 prosoape de corp 100% bumbac 70&#215;140 cm<\/li>\n<li>2 prosoape de fa\u021b\u0103 100% bumbac 50&#215;90 cm.<\/li>\n<\/ul>\n","protected":false},"featured_media":21495,"comment_status":"open","ping_status":"closed","template":"","meta":[],"product_brand":[],"product_cat":[81,121,59,92],"product_tag":[89],"class_list":{"0":"post-21487","1":"product","2":"type-product","3":"status-publish","4":"has-post-thumbnail","6":"product_cat-produse-high-luxury-embroidery","7":"product_cat-prosoape-albe","8":"product_cat-prosoape-de-baie","9":"product_cat-embroidery-prosoape","10":"product_tag-prosoape-luxury-embroidery","11":"product_shipping_class-prosoape","13":"first","14":"instock","15":"sale","16":"taxable","17":"shipping-taxable","18":"purchasable","19":"product-type-variable","20":"has-default-attributes"},"_links":{"self":[{"href":"https:\/\/www.avatex.ro\/shop\/wp-json\/wp\/v2\/product\/21487"}],"collection":[{"href":"https:\/\/www.avatex.ro\/shop\/wp-json\/wp\/v2\/product"}],"about":[{"href":"https:\/\/www.avatex.ro\/shop\/wp-json\/wp\/v2\/types\/product"}],"replies":[{"embeddable":true,"href":"https:\/\/www.avatex.ro\/shop\/wp-json\/wp\/v2\/comments?post=21487"}],"wp:featuredmedia":[{"embeddable":true,"href":"https:\/\/www.avatex.ro\/shop\/wp-json\/wp\/v2\/media\/21495"}],"wp:attachment":[{"href":"https:\/\/www.avatex.ro\/shop\/wp-json\/wp\/v2\/media?parent=21487"}],"wp:term":[{"taxonomy":"product_brand","embeddable":true,"href":"https:\/\/www.avatex.ro\/shop\/wp-json\/wp\/v2\/product_brand?post=21487"},{"taxonomy":"product_cat","embeddable":true,"href":"https:\/\/www.avatex.ro\/shop\/wp-json\/wp\/v2\/product_cat?post=21487"},{"taxonomy":"product_tag","embeddable":true,"href":"https:\/\/www.avatex.ro\/shop\/wp-json\/wp\/v2\/product_tag?post=21487"}],"curies":[{"name":"wp","href":"https:\/\/api.w.org\/{rel}","templated":true}]}}