{"id":21236,"date":"2020-06-28T17:12:17","date_gmt":"2020-06-28T14:12:17","guid":{"rendered":"https:\/\/www.avatex.ro\/shop\/?post_type=product&#038;p=21236"},"modified":"2026-01-26T01:51:59","modified_gmt":"2026-01-25T23:51:59","slug":"lenjerie-de-pat-matrimoniala-luxury-embroidery-yani-arma-san-damien","status":"publish","type":"product","link":"https:\/\/www.avatex.ro\/shop\/produs\/lenjerie-de-pat-matrimoniala-luxury-embroidery-yani-arma-san-damien\/","title":{"rendered":"Lenjerie de pat matrimonial\u0103 Luxury Embroidery San Dami\u00e8n Collection &#8211; Yani Arma (6 piese)"},"content":{"rendered":"<p><\/p>\n<p><strong>Tip material<\/strong><br \/>\nCuloare material disponibil\u0103: alb.<\/p>\n<ul>\n<li>Saten Luxury TC300 100% bumbac satinat, mercerizat si sanforizat.<\/li>\n<\/ul>\n<p>Culori material disponibile: alb, light grey, bej.<\/p>\n<p><strong>Dimensiune<\/strong>:<\/p>\n<div class=\"shortcode-unorderedlist tick\">\n<ul>\n<li>cearceaf pat: 275 x 275 cm<\/li>\n<li>cearceaf pilot\u0103: 200 x 220 cm<\/li>\n<li>4 fe\u021be de pern\u0103 brodate: 50 x 70 cm<\/li>\n<\/ul>\n<\/div>\n<p><strong>Instructiuni de folosire:<\/strong><\/p>\n<div class=\"shortcode-unorderedlist green-dot\">\n<ul>\n<li>Temperatura de sp\u0103lare recomandat\u0103 este 60\u00b0C. Dac\u0103 culoarea broderiei pentru care ai optat este una de culoare \u00eenchis\u0103 (negru, etc) atunci este recomandat s\u0103 se spele la 40 de grade.<\/li>\n<li>Nu se foloseste clor<\/li>\n<li>Se calca la temperatura maxima a talpii fierului de calcat: 130\u00b0C<\/li>\n<li>Nu se poate cur\u0103\u021ba chimic<\/li>\n<\/ul>\n<\/div>\n<p><\/p>\n","protected":false},"excerpt":{"rendered":"<p>Fabricat\u0103 din bumbac satinat pur \u0219i cu o broderie complex\u0103, lenjeria Yani Arma Luxury Embroidery este delicat\u0103 \u0219i modern\u0103, reprezent\u00e2nd amestecul perfect dintre stilul clasic \u0219i designul contemporan.<\/p>\n<p>Liniile simple de pe margini \u00eempreun\u0103 cu motivul brodat des\u0103v\u00e2r\u0219esc aspectul clasic al acestei lenjerii de pat \u0219i o plaseaz\u0103 \u00een zona de luxury.<\/p>\n<p>Po\u021bi alege culoarea designului brodat. Lenjeria se va executa dup\u0103 plasarea comenzii \u0219i va veni \u00eempachetat\u0103 \u00een cutie special\u0103 (precum \u00een imagine) care se preteaz\u0103 foarte bine pentru cadouri.<\/p>\n","protected":false},"featured_media":22365,"comment_status":"open","ping_status":"closed","template":"","meta":[],"product_brand":[],"product_cat":[114,56,91,81],"product_tag":[83,82],"class_list":{"0":"post-21236","1":"product","2":"type-product","3":"status-publish","4":"has-post-thumbnail","6":"product_cat-lenjerii-albe","7":"product_cat-lenjerii-de-pat","8":"product_cat-embroidery-lenjerii-pat","9":"product_cat-produse-high-luxury-embroidery","10":"product_tag-embroidery-luxury","11":"product_tag-lenjerii-high-class","12":"product_shipping_class-lenjerie","14":"first","15":"instock","16":"sale","17":"taxable","18":"shipping-taxable","19":"purchasable","20":"product-type-variable","21":"has-default-attributes"},"_links":{"self":[{"href":"https:\/\/www.avatex.ro\/shop\/wp-json\/wp\/v2\/product\/21236"}],"collection":[{"href":"https:\/\/www.avatex.ro\/shop\/wp-json\/wp\/v2\/product"}],"about":[{"href":"https:\/\/www.avatex.ro\/shop\/wp-json\/wp\/v2\/types\/product"}],"replies":[{"embeddable":true,"href":"https:\/\/www.avatex.ro\/shop\/wp-json\/wp\/v2\/comments?post=21236"}],"wp:featuredmedia":[{"embeddable":true,"href":"https:\/\/www.avatex.ro\/shop\/wp-json\/wp\/v2\/media\/22365"}],"wp:attachment":[{"href":"https:\/\/www.avatex.ro\/shop\/wp-json\/wp\/v2\/media?parent=21236"}],"wp:term":[{"taxonomy":"product_brand","embeddable":true,"href":"https:\/\/www.avatex.ro\/shop\/wp-json\/wp\/v2\/product_brand?post=21236"},{"taxonomy":"product_cat","embeddable":true,"href":"https:\/\/www.avatex.ro\/shop\/wp-json\/wp\/v2\/product_cat?post=21236"},{"taxonomy":"product_tag","embeddable":true,"href":"https:\/\/www.avatex.ro\/shop\/wp-json\/wp\/v2\/product_tag?post=21236"}],"curies":[{"name":"wp","href":"https:\/\/api.w.org\/{rel}","templated":true}]}}