{"id":20956,"date":"2020-05-23T21:52:36","date_gmt":"2020-05-23T18:52:36","guid":{"rendered":"https:\/\/www.avatex.ro\/shop\/?post_type=product&#038;p=20956"},"modified":"2026-01-26T01:00:26","modified_gmt":"2026-01-25T23:00:26","slug":"halat-de-baie-alb-model-yani-arma-lux","status":"publish","type":"product","link":"https:\/\/www.avatex.ro\/shop\/produs\/halat-de-baie-alb-model-yani-arma-lux\/","title":{"rendered":"Halat de baie velur bumbac Yani Arma Collection &#8211; LUX"},"content":{"rendered":"","protected":false},"excerpt":{"rendered":"<div class=\"innerShortcode\">\n<div class=\"innerContent\">\n<div>\n<p>Colec\u021bia noastr\u0103 de halate de baie brodate Yani Arma au la interior 100% bumbac moale \u0219i absorbant, cu exterior din velur catifelat ce ofer\u0103 un aspect elegant \u0219i pl\u0103cut la atingere de o calitate HOTELIER\u0102 PREMIUM.<\/p>\n<p>Halatele au o <strong>greutate de 450 gr\/mp<\/strong>, absorb foarte bine apa de pe piele \u0219i sunt u\u0219or de \u00eentre\u021binut. Ai posibilitatea s\u0103 dai o not\u0103 personal\u0103 halatului aleg\u00e2nd culoarea broderiei care \u021bi se potrive\u0219te cel mai bine.<\/p>\n<p>Culoarea broderiei este gri sau bej dar dac\u0103 dore\u0219ti alta po\u021bi specifica acest lucru \u00een men\u021biunea comenzii.<\/p>\n<div class=\"woocommerce-product-details__short-description\">\n<div class=\"innerShortcode\">\n<div class=\"innerContent\">\n<div>\n<p>M\u0103rimea este universal hotelier\u0103 UNISEX.<\/p>\n<\/div>\n<\/div>\n<\/div>\n<\/div>\n<div class=\"awdr-bulk-customizable-table\"><\/div>\n<div class=\"\" data-block=\"true\" data-editor=\"1beus\" data-offset-key=\"69gin-0-0\"><\/div>\n<div class=\"\" data-block=\"true\" data-editor=\"1beus\" data-offset-key=\"de2ph-0-0\">\n<div class=\"_1mf _1mj\" data-offset-key=\"de2ph-0-0\"><\/div>\n<\/div>\n<\/div>\n<\/div>\n<\/div>\n","protected":false},"featured_media":30144,"comment_status":"open","ping_status":"closed","template":"","meta":[],"product_brand":[],"product_cat":[231,60,94,81],"product_tag":[],"class_list":{"0":"post-20956","1":"product","2":"type-product","3":"status-publish","4":"has-post-thumbnail","6":"product_cat-halate-adulti","7":"product_cat-halate-de-baie","8":"product_cat-embroidery-halate-baie","9":"product_cat-produse-high-luxury-embroidery","10":"product_shipping_class-halat-de-baie","12":"first","13":"instock","14":"sale","15":"taxable","16":"shipping-taxable","17":"purchasable","18":"product-type-variable","19":"has-default-attributes"},"_links":{"self":[{"href":"https:\/\/www.avatex.ro\/shop\/wp-json\/wp\/v2\/product\/20956"}],"collection":[{"href":"https:\/\/www.avatex.ro\/shop\/wp-json\/wp\/v2\/product"}],"about":[{"href":"https:\/\/www.avatex.ro\/shop\/wp-json\/wp\/v2\/types\/product"}],"replies":[{"embeddable":true,"href":"https:\/\/www.avatex.ro\/shop\/wp-json\/wp\/v2\/comments?post=20956"}],"wp:featuredmedia":[{"embeddable":true,"href":"https:\/\/www.avatex.ro\/shop\/wp-json\/wp\/v2\/media\/30144"}],"wp:attachment":[{"href":"https:\/\/www.avatex.ro\/shop\/wp-json\/wp\/v2\/media?parent=20956"}],"wp:term":[{"taxonomy":"product_brand","embeddable":true,"href":"https:\/\/www.avatex.ro\/shop\/wp-json\/wp\/v2\/product_brand?post=20956"},{"taxonomy":"product_cat","embeddable":true,"href":"https:\/\/www.avatex.ro\/shop\/wp-json\/wp\/v2\/product_cat?post=20956"},{"taxonomy":"product_tag","embeddable":true,"href":"https:\/\/www.avatex.ro\/shop\/wp-json\/wp\/v2\/product_tag?post=20956"}],"curies":[{"name":"wp","href":"https:\/\/api.w.org\/{rel}","templated":true}]}}