{"id":20295,"date":"2020-02-25T14:19:08","date_gmt":"2020-02-25T12:19:08","guid":{"rendered":"https:\/\/www.avatex.ro\/shop\/?post_type=product&#038;p=20295"},"modified":"2025-01-19T22:38:07","modified_gmt":"2025-01-19T20:38:07","slug":"lenjerie-de-pat-matrimoniala-high-luxury-embroidery-dalian","status":"publish","type":"product","link":"https:\/\/www.avatex.ro\/shop\/produs\/lenjerie-de-pat-matrimoniala-high-luxury-embroidery-dalian\/","title":{"rendered":"Lenjerie de pat matrimonial\u0103 Luxury Embroidery Dalian"},"content":{"rendered":"<p><\/p>\n<div class=\"shortcode-unorderedlist tick\">\n<p><strong>Dimensiune<\/strong>:<\/p>\n<ul>\n<li>cearceaf pat: 275 x 275 cm<\/li>\n<li>cearceaf pilot\u0103: 200 x 220 cm<\/li>\n<li>2 fe\u021be de pern\u0103 pentru dormit: 50 x 70 cm<\/li>\n<li>2 fe\u021be de pern\u0103 pentru spate: 50 x 70 cm<\/li>\n<\/ul>\n<\/div>\n<p><strong>Instructiuni de folosire:<\/strong><\/p>\n<div class=\"shortcode-unorderedlist green-dot\">\n<ul>\n<li>Temperatura maxima de spalare 30\u00b0C<\/li>\n<li>Nu se foloseste clor<\/li>\n<li>Se calca la temperatura maxima a talpii fierului de calcat: 130\u00b0C<\/li>\n<li>Nu se poate cur\u0103\u021ba chimic<\/li>\n<\/ul>\n<\/div>\n<p><\/p>\n","protected":false},"excerpt":{"rendered":"<p>De o frumuse\u021be aparte \u0219i cu o atingere u\u0219or satinat\u0103, lenjeria noastr\u0103 alb\u0103 din 100% bumbac satinat reprezint\u0103 amestecul perfect dintre stilul clasic \u0219i designul contemporan.<\/p>\n<p>Modelul deosebit brodat des\u0103v\u00e2r\u0219e\u0219te aspectul clasic al acestei lenjerii de pat \u0219i o plaseaz\u0103 \u00een zona de luxury.<\/p>\n","protected":false},"featured_media":20297,"comment_status":"open","ping_status":"closed","template":"","meta":[],"product_brand":[],"product_cat":[114,56,91,81],"product_tag":[83,82],"class_list":{"0":"post-20295","1":"product","2":"type-product","3":"status-publish","4":"has-post-thumbnail","6":"product_cat-lenjerii-albe","7":"product_cat-lenjerii-de-pat","8":"product_cat-embroidery-lenjerii-pat","9":"product_cat-produse-high-luxury-embroidery","10":"product_tag-embroidery-luxury","11":"product_tag-lenjerii-high-class","12":"product_shipping_class-lenjerie","14":"first","15":"outofstock","16":"sale","17":"taxable","18":"shipping-taxable","19":"purchasable","20":"product-type-simple"},"_links":{"self":[{"href":"https:\/\/www.avatex.ro\/shop\/wp-json\/wp\/v2\/product\/20295"}],"collection":[{"href":"https:\/\/www.avatex.ro\/shop\/wp-json\/wp\/v2\/product"}],"about":[{"href":"https:\/\/www.avatex.ro\/shop\/wp-json\/wp\/v2\/types\/product"}],"replies":[{"embeddable":true,"href":"https:\/\/www.avatex.ro\/shop\/wp-json\/wp\/v2\/comments?post=20295"}],"wp:featuredmedia":[{"embeddable":true,"href":"https:\/\/www.avatex.ro\/shop\/wp-json\/wp\/v2\/media\/20297"}],"wp:attachment":[{"href":"https:\/\/www.avatex.ro\/shop\/wp-json\/wp\/v2\/media?parent=20295"}],"wp:term":[{"taxonomy":"product_brand","embeddable":true,"href":"https:\/\/www.avatex.ro\/shop\/wp-json\/wp\/v2\/product_brand?post=20295"},{"taxonomy":"product_cat","embeddable":true,"href":"https:\/\/www.avatex.ro\/shop\/wp-json\/wp\/v2\/product_cat?post=20295"},{"taxonomy":"product_tag","embeddable":true,"href":"https:\/\/www.avatex.ro\/shop\/wp-json\/wp\/v2\/product_tag?post=20295"}],"curies":[{"name":"wp","href":"https:\/\/api.w.org\/{rel}","templated":true}]}}