{"id":17719,"date":"2019-11-29T16:54:36","date_gmt":"2019-11-29T14:54:36","guid":{"rendered":"https:\/\/www.avatex.ro\/shop\/?post_type=product&#038;p=17719"},"modified":"2026-02-22T14:44:19","modified_gmt":"2026-02-22T12:44:19","slug":"set-2-perne-decorative-merry-christmas-45-45cm","status":"publish","type":"product","link":"https:\/\/www.avatex.ro\/shop\/produs\/set-2-perne-decorative-merry-christmas-45-45cm\/","title":{"rendered":"Set 2 perne decorative Merry Christmas 45x45cm"},"content":{"rendered":"","protected":false},"excerpt":{"rendered":"<p>Aceste perne decorative cu motive de Cr\u0103ciun dau un aer modern \u00eenc\u0103perii tale. Combina\u021bia de culori va asigura tot confortul dorit, inveselind dormitorul sau camera de zi pe toata durata s\u0103rb\u0103torilor de iarn\u0103.<\/p>\n<p>Prin comandarea acestui set vei primi dou\u0103 perne decorative, alese dintre cele 6 modele disponibile, cu dimensiunea de 45&#215;45 cm.<br \/>\nModelele sunt trimise aleatoriu, \u00eens\u0103 dac\u0103 ai o preferin\u021b\u0103, o po\u021bi men\u021biona \u00een nota comenzii \u2014 iar, \u00een func\u021bie de disponibilitate, vom \u00eencerca s\u0103 o respect\u0103m.<\/p>\n","protected":false},"featured_media":17721,"comment_status":"open","ping_status":"closed","template":"","meta":[],"product_brand":[],"product_cat":[88,80,69],"product_tag":[87],"class_list":{"0":"post-17719","1":"product","2":"type-product","3":"status-publish","4":"has-post-thumbnail","6":"product_cat-motive-craciun","7":"product_cat-perne-decorative","8":"product_cat-pilote-puf-de-gasca","9":"product_tag-motive-craciun","10":"product_shipping_class-prosoape","12":"first","13":"instock","14":"sale","15":"taxable","16":"shipping-taxable","17":"purchasable","18":"product-type-simple"},"_links":{"self":[{"href":"https:\/\/www.avatex.ro\/shop\/wp-json\/wp\/v2\/product\/17719"}],"collection":[{"href":"https:\/\/www.avatex.ro\/shop\/wp-json\/wp\/v2\/product"}],"about":[{"href":"https:\/\/www.avatex.ro\/shop\/wp-json\/wp\/v2\/types\/product"}],"replies":[{"embeddable":true,"href":"https:\/\/www.avatex.ro\/shop\/wp-json\/wp\/v2\/comments?post=17719"}],"wp:featuredmedia":[{"embeddable":true,"href":"https:\/\/www.avatex.ro\/shop\/wp-json\/wp\/v2\/media\/17721"}],"wp:attachment":[{"href":"https:\/\/www.avatex.ro\/shop\/wp-json\/wp\/v2\/media?parent=17719"}],"wp:term":[{"taxonomy":"product_brand","embeddable":true,"href":"https:\/\/www.avatex.ro\/shop\/wp-json\/wp\/v2\/product_brand?post=17719"},{"taxonomy":"product_cat","embeddable":true,"href":"https:\/\/www.avatex.ro\/shop\/wp-json\/wp\/v2\/product_cat?post=17719"},{"taxonomy":"product_tag","embeddable":true,"href":"https:\/\/www.avatex.ro\/shop\/wp-json\/wp\/v2\/product_tag?post=17719"}],"curies":[{"name":"wp","href":"https:\/\/api.w.org\/{rel}","templated":true}]}}