{"id":16810,"date":"2019-02-28T18:36:07","date_gmt":"2019-02-28T16:36:07","guid":{"rendered":"https:\/\/www.avatex.ro\/shop\/?post_type=product&#038;p=16810"},"modified":"2025-09-12T22:48:17","modified_gmt":"2025-09-12T19:48:17","slug":"lenjerie-pat-lentia-cream-ultra-soft","status":"publish","type":"product","link":"https:\/\/www.avatex.ro\/shop\/produs\/lenjerie-pat-lentia-cream-ultra-soft\/","title":{"rendered":"Lenjerie pat Lentia Cream ultra soft"},"content":{"rendered":"<p><\/p>\n<p>Aceast\u0103 lenjerie de pat \u00eembin\u0103 un mix deosebit de design si culori calde ce reflect\u0103 un look modern si o atingere delicata, oferind dormitorului dumneavoastra un aspect cozy si natural.<\/p>\n<p>Produsul va fi livrat intr-un ambalaj modern cu m\u00e2ner tip diplomat.<\/p>\n<div class=\"shortcode-unorderedlist tick\">\n<p><strong>Dimensiune<\/strong>:<\/p>\n<ul>\n<li>cearceaf pat: 220 x 240 cm<\/li>\n<li>cearceaf pilot\u0103: 200 x 220 cm<\/li>\n<li>2 fete de pern\u0103: 50 x 70 cm<\/li>\n<\/ul>\n<\/div>\n<p><strong>Instructiuni de folosire:<\/strong><\/p>\n<div class=\"shortcode-unorderedlist green-dot\">\n<ul>\n<li>Temperatura maxima de spalare 30\u00b0C<\/li>\n<li>Nu se foloseste clor<\/li>\n<li>Se calca la temperatura maxima a talpii fierului de calcat: 130\u00b0C<\/li>\n<li>Nu se poate cur\u0103\u021ba chimic<\/li>\n<\/ul>\n<\/div>\n<p><\/p>\n","protected":false},"excerpt":{"rendered":"<p>Imbin\u0103 un mix deosebit de design si culori calde ce reflect\u0103 un look modern si o atingere delicata, oferind dormitorului dumneavoastra un aspect cozy si natural.<\/p>\n","protected":false},"featured_media":16764,"comment_status":"open","ping_status":"closed","template":"","meta":[],"product_brand":[],"product_cat":[56],"product_tag":[71],"class_list":{"0":"post-16810","1":"product","2":"type-product","3":"status-publish","4":"has-post-thumbnail","6":"product_cat-lenjerii-de-pat","7":"product_tag-lenjerii-imprimate","8":"product_shipping_class-lenjerie","10":"first","11":"outofstock","12":"sale","13":"taxable","14":"shipping-taxable","15":"purchasable","16":"product-type-simple"},"_links":{"self":[{"href":"https:\/\/www.avatex.ro\/shop\/wp-json\/wp\/v2\/product\/16810"}],"collection":[{"href":"https:\/\/www.avatex.ro\/shop\/wp-json\/wp\/v2\/product"}],"about":[{"href":"https:\/\/www.avatex.ro\/shop\/wp-json\/wp\/v2\/types\/product"}],"replies":[{"embeddable":true,"href":"https:\/\/www.avatex.ro\/shop\/wp-json\/wp\/v2\/comments?post=16810"}],"wp:featuredmedia":[{"embeddable":true,"href":"https:\/\/www.avatex.ro\/shop\/wp-json\/wp\/v2\/media\/16764"}],"wp:attachment":[{"href":"https:\/\/www.avatex.ro\/shop\/wp-json\/wp\/v2\/media?parent=16810"}],"wp:term":[{"taxonomy":"product_brand","embeddable":true,"href":"https:\/\/www.avatex.ro\/shop\/wp-json\/wp\/v2\/product_brand?post=16810"},{"taxonomy":"product_cat","embeddable":true,"href":"https:\/\/www.avatex.ro\/shop\/wp-json\/wp\/v2\/product_cat?post=16810"},{"taxonomy":"product_tag","embeddable":true,"href":"https:\/\/www.avatex.ro\/shop\/wp-json\/wp\/v2\/product_tag?post=16810"}],"curies":[{"name":"wp","href":"https:\/\/api.w.org\/{rel}","templated":true}]}}